{"id":3943,"date":"2018-03-27T13:17:41","date_gmt":"2018-03-27T13:17:41","guid":{"rendered":"http:\/\/www.cisa-arica.cl\/wp1\/?page_id=3943"},"modified":"2018-03-27T13:17:41","modified_gmt":"2018-03-27T13:17:41","slug":"insignia-del-colegio","status":"publish","type":"page","link":"https:\/\/www.cisa-arica.cl\/wp1\/insignia-del-colegio\/","title":{"rendered":"Insignia del Colegio"},"content":{"rendered":"<p><a href=\"http:\/\/www.cisa-arica.cl\/wp1\/wp-content\/uploads\/2018\/03\/LOGO_CISA_2015.png\"><img loading=\"lazy\" decoding=\"async\" data-attachment-id=\"3944\" data-permalink=\"https:\/\/www.cisa-arica.cl\/wp1\/insignia-del-colegio\/logo_cisa_2015-2\/\" data-orig-file=\"https:\/\/www.cisa-arica.cl\/wp1\/wp-content\/uploads\/2018\/03\/LOGO_CISA_2015.png\" data-orig-size=\"1118,831\" data-comments-opened=\"0\" data-image-meta=\"{&quot;aperture&quot;:&quot;0&quot;,&quot;credit&quot;:&quot;&quot;,&quot;camera&quot;:&quot;&quot;,&quot;caption&quot;:&quot;&quot;,&quot;created_timestamp&quot;:&quot;0&quot;,&quot;copyright&quot;:&quot;&quot;,&quot;focal_length&quot;:&quot;0&quot;,&quot;iso&quot;:&quot;0&quot;,&quot;shutter_speed&quot;:&quot;0&quot;,&quot;title&quot;:&quot;&quot;,&quot;orientation&quot;:&quot;0&quot;}\" data-image-title=\"LOGO CISA\" data-image-description=\"\" data-image-caption=\"\" data-large-file=\"https:\/\/www.cisa-arica.cl\/wp1\/wp-content\/uploads\/2018\/03\/LOGO_CISA_2015-1024x761.png\" class=\"aligncenter size-full wp-image-3944\" src=\"http:\/\/www.cisa-arica.cl\/wp1\/wp-content\/uploads\/2018\/03\/LOGO_CISA_2015.png\" alt=\"\" width=\"1118\" height=\"831\" srcset=\"https:\/\/www.cisa-arica.cl\/wp1\/wp-content\/uploads\/2018\/03\/LOGO_CISA_2015.png 1118w, https:\/\/www.cisa-arica.cl\/wp1\/wp-content\/uploads\/2018\/03\/LOGO_CISA_2015-300x223.png 300w, https:\/\/www.cisa-arica.cl\/wp1\/wp-content\/uploads\/2018\/03\/LOGO_CISA_2015-768x571.png 768w, https:\/\/www.cisa-arica.cl\/wp1\/wp-content\/uploads\/2018\/03\/LOGO_CISA_2015-1024x761.png 1024w\" sizes=\"auto, (max-width: 1118px) 100vw, 1118px\" \/><\/a><\/p>\n","protected":false},"excerpt":{"rendered":"","protected":false},"author":1,"featured_media":0,"parent":0,"menu_order":0,"comment_status":"closed","ping_status":"closed","template":"","meta":{"footnotes":""},"class_list":["post-3943","page","type-page","status-publish","hentry"],"jetpack_sharing_enabled":true,"jetpack_shortlink":"https:\/\/wp.me\/P84wcz-11B","jetpack-related-posts":[{"id":2915,"url":"https:\/\/www.cisa-arica.cl\/wp1\/himno-del-colegio\/","url_meta":{"origin":3943,"position":0},"title":"Himno del Colegio Italiano Santa Ana","author":"CISA","date":"17 de Mayo de 2024","format":false,"excerpt":"Himno Colegio Santa Ana CORO Colegio do transcurre nuestra vida serena, optimista y muy feliz Colegio de Santa Ana que nos muestras la ruta luminosa del saber. Santuario de Santa Ana que eres nido de Ciencia, de Virtud y del Saber tu formas el ambiente bendecido que templa nuestras almas\u2026","rel":"","context":"Entrada similar ","block_context":{"text":"Entrada similar ","link":""},"img":{"alt_text":"","src":"","width":0,"height":0},"classes":[]},{"id":3938,"url":"https:\/\/www.cisa-arica.cl\/wp1\/personal-del-colegio\/","url_meta":{"origin":3943,"position":1},"title":"Personal del Colegio","author":"CISA","date":"27 de Marzo de 2018","format":false,"excerpt":"Inspectoras\u00a0 \u00a0 Claudia V\u00e1squezInspectora de Patio","rel":"","context":"Entrada similar ","block_context":{"text":"Entrada similar ","link":""},"img":{"alt_text":"","src":"https:\/\/i0.wp.com\/www.cisa-arica.cl\/wp1\/wp-content\/uploads\/2019\/03\/PERSONAL_2019-20-400x600.jpg?resize=350%2C200","width":350,"height":200},"classes":[]},{"id":30025,"url":"https:\/\/www.cisa-arica.cl\/wp1\/educacion-parvularia-2\/","url_meta":{"origin":3943,"position":2},"title":"EDUCACI\u00d3N PARVULARIA","author":"Marketing","date":"6 de Abril de 2026","format":false,"excerpt":"Coordinadora CRA: Marilyn Mercado NavarroEquipo: Educadoras: Katherine Gonz\u00e1lez Plaza, Paulina Mart\u00ednez Villegas, Jocelyn Rojas Mercado. T\u00e9cnicos:\u00a0 \u00a0 \u00a0 Sandra Jofr\u00e9 Gonz\u00e1lez, Angie Mar\u00edn Contreras. El nivel de Educaci\u00f3n Parvularia del Colegio Italiano Santa Ana de Arica comprende los niveles de Transici\u00f3n 1 y 2, orientados a brindar una formaci\u00f3n integral\u2026","rel":"","context":"Entrada similar ","block_context":{"text":"Entrada similar ","link":""},"img":{"alt_text":"","src":"https:\/\/i0.wp.com\/www.cisa-arica.cl\/wp1\/wp-content\/uploads\/2026\/04\/Ed.-Parvularia.png?resize=350%2C200&ssl=1","width":350,"height":200,"srcset":"https:\/\/i0.wp.com\/www.cisa-arica.cl\/wp1\/wp-content\/uploads\/2026\/04\/Ed.-Parvularia.png?resize=350%2C200&ssl=1 1x, https:\/\/i0.wp.com\/www.cisa-arica.cl\/wp1\/wp-content\/uploads\/2026\/04\/Ed.-Parvularia.png?resize=525%2C300&ssl=1 1.5x, https:\/\/i0.wp.com\/www.cisa-arica.cl\/wp1\/wp-content\/uploads\/2026\/04\/Ed.-Parvularia.png?resize=700%2C400&ssl=1 2x, https:\/\/i0.wp.com\/www.cisa-arica.cl\/wp1\/wp-content\/uploads\/2026\/04\/Ed.-Parvularia.png?resize=1050%2C600&ssl=1 3x"},"classes":[]},{"id":2598,"url":"https:\/\/www.cisa-arica.cl\/wp1\/app-notasnet\/","url_meta":{"origin":3943,"position":3},"title":"APP NOTASNET","author":"CISA","date":"3 de Noviembre de 2016","format":false,"excerpt":"(Nuevo) APLICACION PARA CELULARES Nuestro colegio,\u00a0 siempre preocupados de la educaci\u00f3n de nuestras alumnas, les informa que desde ahora, tanto apoderados como alumnas, \u00a0 podr\u00e1n observar la agenda,\u00a0 calificaciones, asistencia, observaciones, etc. \u00a0directamente en su Smartphone. Simplemente descargue en su celular, la APP NOTASNET\u00a0 e ingrese con su rut y\u2026","rel":"","context":"Entrada similar ","block_context":{"text":"Entrada similar ","link":""},"img":{"alt_text":"banner_appsnotasnet2","src":"https:\/\/i0.wp.com\/www.cisa-arica.cl\/wp1\/wp-content\/uploads\/2016\/11\/banner_appsnotasnet2-151x300.jpg?resize=350%2C200","width":350,"height":200},"classes":[]},{"id":3206,"url":"https:\/\/www.cisa-arica.cl\/wp1\/sep\/","url_meta":{"origin":3943,"position":4},"title":"SEP","author":"CISA","date":"9 de Noviembre de 2017","format":false,"excerpt":"Subvenci\u00f3n Escolar Preferencial (SEP)\u00a0 Coordinadora SEP: Oriana Torres Mu\u00f1oz \u00a0 \u00a0 \u00a0 \u00a0 \u00a0 \u00a0 \u00a0 \u00a0 \u00a0 \u00a0 \u00a0 \u00a0 \u00a0 \u00a0 \u00a0 \u00a0 \u00a0 \u00a0 \u00a0 \u00a0 \u00a0 \u00a0 \u00a0 \u00a0 \u00a0 SUBVENCI\u00d3N ESCOLAR PREFERENCIAL (SEP) La Subvenci\u00f3n Escolar Preferencial (SEP)\u00a0en Chile es una ley (N \u00b020.248) que\u2026","rel":"","context":"Entrada similar ","block_context":{"text":"Entrada similar ","link":""},"img":{"alt_text":"","src":"https:\/\/i0.wp.com\/www.cisa-arica.cl\/wp1\/wp-content\/uploads\/2026\/04\/SEP-240x300.png?resize=350%2C200","width":350,"height":200},"classes":[]},{"id":3231,"url":"https:\/\/www.cisa-arica.cl\/wp1\/sep\/ley-s-e-p\/","url_meta":{"origin":3943,"position":5},"title":"Ley S.E.P.","author":"CISA","date":"9 de Noviembre de 2017","format":false,"excerpt":"REQUISITOS\u00a0 Y\u00a0 OBLIGACIONES LEY S.E.P.\u00a0 20.248 \u00a0 El Convenio es un acuerdo que dura 4 a\u00f1os (renovable) mediante el cual el sostenedor del establecimiento que ha postulado a la SEP se compromete a cumplir una serie de compromisos, requisitos y obligaciones. Entre ellos, se encuentran respetar los beneficios para los\u2026","rel":"","context":"Entrada similar ","block_context":{"text":"Entrada similar ","link":""},"img":{"alt_text":"","src":"","width":0,"height":0},"classes":[]}],"_links":{"self":[{"href":"https:\/\/www.cisa-arica.cl\/wp1\/wp-json\/wp\/v2\/pages\/3943","targetHints":{"allow":["GET"]}}],"collection":[{"href":"https:\/\/www.cisa-arica.cl\/wp1\/wp-json\/wp\/v2\/pages"}],"about":[{"href":"https:\/\/www.cisa-arica.cl\/wp1\/wp-json\/wp\/v2\/types\/page"}],"author":[{"embeddable":true,"href":"https:\/\/www.cisa-arica.cl\/wp1\/wp-json\/wp\/v2\/users\/1"}],"replies":[{"embeddable":true,"href":"https:\/\/www.cisa-arica.cl\/wp1\/wp-json\/wp\/v2\/comments?post=3943"}],"version-history":[{"count":1,"href":"https:\/\/www.cisa-arica.cl\/wp1\/wp-json\/wp\/v2\/pages\/3943\/revisions"}],"predecessor-version":[{"id":3945,"href":"https:\/\/www.cisa-arica.cl\/wp1\/wp-json\/wp\/v2\/pages\/3943\/revisions\/3945"}],"wp:attachment":[{"href":"https:\/\/www.cisa-arica.cl\/wp1\/wp-json\/wp\/v2\/media?parent=3943"}],"curies":[{"name":"wp","href":"https:\/\/api.w.org\/{rel}","templated":true}]}}