{"id":3231,"date":"2017-11-09T16:59:34","date_gmt":"2017-11-09T16:59:34","guid":{"rendered":"http:\/\/www.cisa-arica.cl\/wp1\/?page_id=3231"},"modified":"2017-11-09T17:02:42","modified_gmt":"2017-11-09T17:02:42","slug":"ley-s-e-p","status":"publish","type":"page","link":"https:\/\/www.cisa-arica.cl\/wp1\/sep\/ley-s-e-p\/","title":{"rendered":"Ley S.E.P."},"content":{"rendered":"<h1 style=\"text-align: center;\">REQUISITOS\u00a0 Y\u00a0 OBLIGACIONES<\/h1>\n<h1 style=\"text-align: center;\">LEY S.E.P.\u00a0 20.248<\/h1>\n<p>&nbsp;<\/p>\n<p>El Convenio es un acuerdo que dura 4 a\u00f1os (renovable) mediante el cual el sostenedor del establecimiento que ha postulado a la SEP se compromete a cumplir una serie de compromisos, requisitos y obligaciones. Entre ellos, se encuentran respetar los beneficios para los alumnos prioritarios, elaborar y ejecutar un Plan de Mejoramiento Educativo, establecer metas de rendimiento acad\u00e9mico en funci\u00f3n de los est\u00e1ndares nacionales y rendir cuenta p\u00fablicamente de los gastos efectuados con los recursos SEP que se le han entregado.<\/p>\n<ol>\n<li><strong>a)<\/strong> Eximir a los alumnos prioritarios de cualquier cobro de financiamiento compartido.<\/li>\n<li><strong>b)<\/strong> No seleccionar alumnos entre Pre kinder y 6\u00b0 B\u00e1sico por razones socioecon\u00f3micas o de rendimiento acad\u00e9mico.<\/li>\n<li><strong>c)<\/strong> Dar a conocer a la comunidad escolar el proyecto educativo institucional y su reglamento interno.<\/li>\n<li><strong>d)<\/strong> Retener a los alumnos entre Pre kinder y 6\u00b0 B\u00e1sico, pudiendo repetir hasta una vez por curso.<\/li>\n<li><strong>e)<\/strong> Destinar los recursos que les entrega la SEP al Plan de Mejoramiento Educativo.<\/li>\n<\/ol>\n<p>&nbsp;<\/p>\n<h1>\u00b7\u00a0\u00a0\u00a0\u00a0\u00a0\u00a0\u00a0 COMPROMISOS<\/h1>\n<ol>\n<li><strong>a)<\/strong> Presentar anualmente a la Superintendencia de Educaci\u00f3n un informe sobre el uso de los recursos SEP, con el visto bueno del Director, previo conocimiento del Consejo Escolar, e informar de ello a la comunidad escolar.<\/li>\n<li><strong>b)<\/strong> Acreditar el funcionamiento efectivo del Consejo Escolar, del Consejo de Profesores y del Centro General de Padres y Apoderados.<\/li>\n<li><strong>c)<\/strong> Acreditar la existencia de horas docentes t\u00e9cnico-pedag\u00f3gicas y el cumplimiento efectivo de las horas curriculares no lectivas.<\/li>\n<li><strong>d)<\/strong> Presentar al MINEDUC y a la Agencia de Calidad de la Educaci\u00f3n, y ejecutar el Plan de Mejoramiento Educativo elaborado con el director del establecimiento y el resto de la comunidad escolar.<\/li>\n<\/ol>\n<p>&nbsp;<\/p>\n<ol>\n<li><strong>e)<\/strong> Establecer metas de efectividad del rendimiento acad\u00e9mico de sus alumnos, y en especial de los prioritarios, en funci\u00f3n del grado de cumplimiento de los est\u00e1ndares nacionales.<\/li>\n<li><strong>f)<\/strong> Declarar en el convenio el monto de los recursos p\u00fablicos que reciben, y en el caso de los sostenedores municipales, el promedio de los \u00faltimos tres a\u00f1os.<\/li>\n<li><strong>g)<\/strong> Informar a la comunidad escolar sobre la existencia de este convenio, con especial \u00e9nfasis en las metas fijadas.<\/li>\n<li><strong>h)<\/strong> Cautelar que los docentes presenten una planificaci\u00f3n educativa anual de los contenidos curriculares.<\/li>\n<li><strong>i)<\/strong> Contar con actividades art\u00edsticas y\/o culturales y deportivas que contribuyan a la formaci\u00f3n integral de los alumnos.<\/li>\n<\/ol>\n<h1 style=\"text-align: center;\">Los compromisos adicionales que adquieren los establecimientos Emergentes son:<\/h1>\n<ol>\n<li>a) Elaborar durante el primer a\u00f1o un Plan de Mejoramiento Educativo para establecimientos Emergentes que contemple un diagn\u00f3stico de la situaci\u00f3n inicial del establecimiento y un conjunto de metas de resultados educativos para el per\u00edodo que cubre el plan.<\/li>\n<li>b) Coordinar y articular acciones con instituciones y redes de servicios sociales para apoyar psicol\u00f3gica, social y educativamente a los alumnos prioritarios.<\/li>\n<li>c) Establecer actividades docentes complementarias para mejorar el rendimiento escolar de los alumnos prioritarios.<\/li>\n<\/ol>\n<p>&nbsp;<\/p>\n","protected":false},"excerpt":{"rendered":"<p>REQUISITOS\u00a0 Y\u00a0 OBLIGACIONES LEY S.E.P.\u00a0 20.248 &nbsp; El Convenio es un acuerdo que dura 4 a\u00f1os (renovable) mediante el cual el sostenedor del establecimiento que ha postulado a la SEP se compromete a cumplir una serie de compromisos, requisitos y obligaciones. Entre ellos, se encuentran respetar los beneficios para los alumnos prioritarios, elaborar y ejecutar <a class=\"read-more\" href=\"https:\/\/www.cisa-arica.cl\/wp1\/sep\/ley-s-e-p\/\">Continuar leyendo<\/a><\/p>\n","protected":false},"author":1,"featured_media":0,"parent":3206,"menu_order":0,"comment_status":"closed","ping_status":"closed","template":"","meta":{"footnotes":""},"class_list":["post-3231","page","type-page","status-publish","hentry"],"jetpack_sharing_enabled":true,"jetpack_shortlink":"https:\/\/wp.me\/P84wcz-Q7","jetpack-related-posts":[{"id":3206,"url":"https:\/\/www.cisa-arica.cl\/wp1\/sep\/","url_meta":{"origin":3231,"position":0},"title":"SEP","author":"CISA","date":"9 de Noviembre de 2017","format":false,"excerpt":"Subvenci\u00f3n Escolar Preferencial (SEP)\u00a0 Coordinadora SEP: Oriana Torres Mu\u00f1oz \u00a0 \u00a0 \u00a0 \u00a0 \u00a0 \u00a0 \u00a0 \u00a0 \u00a0 \u00a0 \u00a0 \u00a0 \u00a0 \u00a0 \u00a0 \u00a0 \u00a0 \u00a0 \u00a0 \u00a0 \u00a0 \u00a0 \u00a0 \u00a0 \u00a0 SUBVENCI\u00d3N ESCOLAR PREFERENCIAL (SEP) La Subvenci\u00f3n Escolar Preferencial (SEP)\u00a0en Chile es una ley (N \u00b020.248) que\u2026","rel":"","context":"Entrada similar ","block_context":{"text":"Entrada similar ","link":""},"img":{"alt_text":"","src":"https:\/\/i0.wp.com\/www.cisa-arica.cl\/wp1\/wp-content\/uploads\/2026\/04\/SEP-240x300.png?resize=350%2C200","width":350,"height":200},"classes":[]},{"id":3298,"url":"https:\/\/www.cisa-arica.cl\/wp1\/metas-1er-periodo-pme\/","url_meta":{"origin":3231,"position":1},"title":"METAS 1ER PER\u00cdODO PME","author":"CISA","date":"13 de Noviembre de 2017","format":false,"excerpt":"Nuestro establecimiento se incorpora a la ley SEP\u00a0 20.248\u00a0 firmando el \u00a0Convenio de Igualdad de Oportunidades y Excelencia Educativacon el MINEDUC, el 21 de noviembre de 2012. El primer per\u00edodo de la elaboraci\u00f3n del\u00a0 PME-SEP \u00a0abarca desde el inicio del a\u00f1o 2013 al t\u00e9rmino del 2016, estableciendo metas de efectividad\u2026","rel":"","context":"Entrada similar ","block_context":{"text":"Entrada similar ","link":""},"img":{"alt_text":"","src":"","width":0,"height":0},"classes":[]},{"id":3237,"url":"https:\/\/www.cisa-arica.cl\/wp1\/sep\/actividades-sep\/","url_meta":{"origin":3231,"position":2},"title":"Actividades SEP","author":"CISA","date":"9 de Noviembre de 2017","format":false,"excerpt":"Actividades","rel":"","context":"Entrada similar ","block_context":{"text":"Entrada similar ","link":""},"img":{"alt_text":"","src":"","width":0,"height":0},"classes":[]},{"id":3208,"url":"https:\/\/www.cisa-arica.cl\/wp1\/sep\/info-sep\/","url_meta":{"origin":3231,"position":3},"title":"Info SEP","author":"CISA","date":"9 de Noviembre de 2017","format":false,"excerpt":"\u00a0 \u00a0 Diptico informativo para descargar: Clic para descargar","rel":"","context":"Entrada similar ","block_context":{"text":"Entrada similar ","link":""},"img":{"alt_text":"","src":"https:\/\/i0.wp.com\/www.cisa-arica.cl\/wp1\/wp-content\/uploads\/2017\/11\/Diapositiva1.png?resize=350%2C200","width":350,"height":200,"srcset":"https:\/\/i0.wp.com\/www.cisa-arica.cl\/wp1\/wp-content\/uploads\/2017\/11\/Diapositiva1.png?resize=350%2C200 1x, https:\/\/i0.wp.com\/www.cisa-arica.cl\/wp1\/wp-content\/uploads\/2017\/11\/Diapositiva1.png?resize=525%2C300 1.5x, https:\/\/i0.wp.com\/www.cisa-arica.cl\/wp1\/wp-content\/uploads\/2017\/11\/Diapositiva1.png?resize=700%2C400 2x"},"classes":[]},{"id":2464,"url":"https:\/\/www.cisa-arica.cl\/wp1\/mision-y-vision\/","url_meta":{"origin":3231,"position":4},"title":"Misi\u00f3n y Visi\u00f3n","author":"CISA","date":"2 de Noviembre de 2016","format":false,"excerpt":"Misi\u00f3n Formar personas \u00edntegras a ejemplo de Mar\u00eda, Hija de Santa Ana, con una s\u00f3lida preparaci\u00f3n acad\u00e9mica, humana y espiritual, que les permita insertarse adecuadamente a la sociedad en los distintos niveles educacionales, con una conciencia cr\u00edtica y comprometida y con un profundo sentido social que las haga promotoras de\u2026","rel":"","context":"Entrada similar ","block_context":{"text":"Entrada similar ","link":""},"img":{"alt_text":"","src":"","width":0,"height":0},"classes":[]},{"id":30025,"url":"https:\/\/www.cisa-arica.cl\/wp1\/educacion-parvularia-2\/","url_meta":{"origin":3231,"position":5},"title":"EDUCACI\u00d3N PARVULARIA","author":"Marketing","date":"6 de Abril de 2026","format":false,"excerpt":"Coordinadora CRA: Marilyn Mercado NavarroEquipo: Educadoras: Katherine Gonz\u00e1lez Plaza, Paulina Mart\u00ednez Villegas, Jocelyn Rojas Mercado. T\u00e9cnicos:\u00a0 \u00a0 \u00a0 Sandra Jofr\u00e9 Gonz\u00e1lez, Angie Mar\u00edn Contreras. El nivel de Educaci\u00f3n Parvularia del Colegio Italiano Santa Ana de Arica comprende los niveles de Transici\u00f3n 1 y 2, orientados a brindar una formaci\u00f3n integral\u2026","rel":"","context":"Entrada similar ","block_context":{"text":"Entrada similar ","link":""},"img":{"alt_text":"","src":"https:\/\/i0.wp.com\/www.cisa-arica.cl\/wp1\/wp-content\/uploads\/2026\/04\/Ed.-Parvularia.png?resize=350%2C200&ssl=1","width":350,"height":200,"srcset":"https:\/\/i0.wp.com\/www.cisa-arica.cl\/wp1\/wp-content\/uploads\/2026\/04\/Ed.-Parvularia.png?resize=350%2C200&ssl=1 1x, https:\/\/i0.wp.com\/www.cisa-arica.cl\/wp1\/wp-content\/uploads\/2026\/04\/Ed.-Parvularia.png?resize=525%2C300&ssl=1 1.5x, https:\/\/i0.wp.com\/www.cisa-arica.cl\/wp1\/wp-content\/uploads\/2026\/04\/Ed.-Parvularia.png?resize=700%2C400&ssl=1 2x, https:\/\/i0.wp.com\/www.cisa-arica.cl\/wp1\/wp-content\/uploads\/2026\/04\/Ed.-Parvularia.png?resize=1050%2C600&ssl=1 3x"},"classes":[]}],"_links":{"self":[{"href":"https:\/\/www.cisa-arica.cl\/wp1\/wp-json\/wp\/v2\/pages\/3231","targetHints":{"allow":["GET"]}}],"collection":[{"href":"https:\/\/www.cisa-arica.cl\/wp1\/wp-json\/wp\/v2\/pages"}],"about":[{"href":"https:\/\/www.cisa-arica.cl\/wp1\/wp-json\/wp\/v2\/types\/page"}],"author":[{"embeddable":true,"href":"https:\/\/www.cisa-arica.cl\/wp1\/wp-json\/wp\/v2\/users\/1"}],"replies":[{"embeddable":true,"href":"https:\/\/www.cisa-arica.cl\/wp1\/wp-json\/wp\/v2\/comments?post=3231"}],"version-history":[{"count":2,"href":"https:\/\/www.cisa-arica.cl\/wp1\/wp-json\/wp\/v2\/pages\/3231\/revisions"}],"predecessor-version":[{"id":3233,"href":"https:\/\/www.cisa-arica.cl\/wp1\/wp-json\/wp\/v2\/pages\/3231\/revisions\/3233"}],"up":[{"embeddable":true,"href":"https:\/\/www.cisa-arica.cl\/wp1\/wp-json\/wp\/v2\/pages\/3206"}],"wp:attachment":[{"href":"https:\/\/www.cisa-arica.cl\/wp1\/wp-json\/wp\/v2\/media?parent=3231"}],"curies":[{"name":"wp","href":"https:\/\/api.w.org\/{rel}","templated":true}]}}