{"id":3208,"date":"2017-11-09T13:35:10","date_gmt":"2017-11-09T13:35:10","guid":{"rendered":"http:\/\/www.cisa-arica.cl\/wp1\/?page_id=3208"},"modified":"2017-11-09T18:43:40","modified_gmt":"2017-11-09T18:43:40","slug":"info-sep","status":"publish","type":"page","link":"https:\/\/www.cisa-arica.cl\/wp1\/sep\/info-sep\/","title":{"rendered":"Info SEP"},"content":{"rendered":"<p><a href=\"http:\/\/www.cisa-arica.cl\/wp1\/wp-content\/uploads\/2017\/11\/Diapositiva1.png\"><img loading=\"lazy\" decoding=\"async\" class=\"aligncenter  wp-image-3257\" src=\"http:\/\/www.cisa-arica.cl\/wp1\/wp-content\/uploads\/2017\/11\/Diapositiva1.png\" alt=\"\" width=\"783\" height=\"587\" \/><\/a><a href=\"http:\/\/www.cisa-arica.cl\/wp1\/wp-content\/uploads\/2017\/11\/Diapositiva2.jpg\"><img loading=\"lazy\" decoding=\"async\" class=\"aligncenter size-full wp-image-3254\" src=\"http:\/\/www.cisa-arica.cl\/wp1\/wp-content\/uploads\/2017\/11\/Diapositiva2.jpg\" alt=\"\" width=\"960\" height=\"720\" \/><\/a><\/p>\n<p>&nbsp;<\/p>\n<p>&nbsp;<\/p>\n<p>Diptico informativo para descargar:<\/p>\n<p><a href=\"http:\/\/www.cisa-arica.cl\/SEP\/Diptico-SEP-FINAL.pdf\">Clic para descargar<\/a><\/p>\n","protected":false},"excerpt":{"rendered":"<p>&nbsp; &nbsp; Diptico informativo para descargar: Clic para descargar<\/p>\n","protected":false},"author":1,"featured_media":0,"parent":3206,"menu_order":0,"comment_status":"closed","ping_status":"closed","template":"","meta":{"footnotes":""},"class_list":["post-3208","page","type-page","status-publish","hentry"],"jetpack_sharing_enabled":true,"jetpack_shortlink":"https:\/\/wp.me\/P84wcz-PK","jetpack-related-posts":[{"id":12489,"url":"https:\/\/www.cisa-arica.cl\/wp1\/calendario-de-evaluaciones\/","url_meta":{"origin":3208,"position":0},"title":"Calendario de Evaluaciones Mayo","author":"CISA","date":"17 de Mayo de 2021","format":false,"excerpt":"Educaci\u00f3n B\u00e1sica 1 B\u00c1SICO ADescargar 1B\u00c1SICOBDescargar 2 B\u00c1SICO ADescargar 2 B\u00c1SICO BDescargar 3 B\u00c1SICO ADescargar 3 B\u00c1SICO BDescargar 4 B\u00c1SICO ADescargar 4 B\u00c1SICO BDescargar 5 B\u00c1SICO ADescargar 5 B\u00c1SICO BDescargar 6 B\u00c1SICO ADescargar 6 B\u00c1SICO BDescargar Educaci\u00f3n Media 4 MEDIO ADescargar 4 MEDIO BDescargar 3 MEDIO ADescargar 3 MEDIO BDescargar\u2026","rel":"","context":"Entrada similar ","block_context":{"text":"Entrada similar ","link":""},"img":{"alt_text":"","src":"","width":0,"height":0},"classes":[]},{"id":12528,"url":"https:\/\/www.cisa-arica.cl\/wp1\/calendario-evaluaciones\/","url_meta":{"origin":3208,"position":1},"title":"Calendario de Evaluaciones","author":"CISA","date":"18 de Mayo de 2021","format":false,"excerpt":"Calendario de Evaluaciones\u00a0 Octubre 2022 \u00a0 1ERO B\u00c1SICO ADescargar 1ERO B\u00c1SICO BDescargar 2DO B\u00c1SICO ADescargar 2DO B\u00c1SICO BDescargar 3RO B\u00c1SICO ADescargar 3RO B\u00c1SICO BDescargar 4TO B\u00c1SICO ADescargar 4TO B\u00c1SICO BDescargar 5TO B\u00c1SICO ADescargar 5TO B\u00c1SICO BDescargar 6TO B\u00c1SICO ADescargar 6TO B\u00c1SICO BDescargar 7MO B\u00c1SICO ADescargar 7MO B\u00c1SICO BDescargar 8VO B\u00c1SICO\u2026","rel":"","context":"Entrada similar ","block_context":{"text":"Entrada similar ","link":""},"img":{"alt_text":"","src":"","width":0,"height":0},"classes":[]},{"id":12997,"url":"https:\/\/www.cisa-arica.cl\/wp1\/calendario-de-evaluaciones-septiembre\/","url_meta":{"origin":3208,"position":2},"title":"Calendario de Evaluaciones Septiembre","author":"CISA","date":"1 de Septiembre de 2021","format":false,"excerpt":"Educaci\u00f3n B\u00e1sica 1ERO BASICO ADescargar 1ERO B\u00c1SICO BDescargar 2DO B\u00c1SICO ADescargar 2DO B\u00c1SICO BDescargar 3ERO B\u00c1SICO ADescargar 3ERO B\u00c1SICO BDescargar 4TO B\u00c1SICO ADescargar 4TO B\u00c1SICO BDescargar 5TO B\u00c1SICO ADescargar 5TO B\u00c1SICO BDescargar 6TO B\u00c1SICO ADescargar 6TO B\u00c1SICO BDescargar Educaci\u00f3n Media 7MO B\u00c1SICO ADescargar 7MO B\u00c1SICO BDescargar 8VO B\u00c1SICO ADescargar 8VO\u2026","rel":"","context":"Entrada similar ","block_context":{"text":"Entrada similar ","link":""},"img":{"alt_text":"","src":"","width":0,"height":0},"classes":[]},{"id":12645,"url":"https:\/\/www.cisa-arica.cl\/wp1\/calendario-de-evaluaciones-junio\/","url_meta":{"origin":3208,"position":3},"title":"CALENDARIO DE EVALUACIONES JUNIO","author":"CISA","date":"15 de Junio de 2021","format":false,"excerpt":"ED. B\u00c1SICA 1 B\u00c1SICO ADescargar 1-B\u00c1SICO-BDescargar 2-B\u00c1SICO-ADescargar 2-B\u00c1SICO-BDescargar 3-B\u00c1SICO-ADescargar 3-B\u00c1SICO-BDescargar 4-B\u00c1SICO-ADescargar 4-B\u00c1SICO-BDescargar 5 B\u00c1SICO ADescargar 5 B\u00c1SICO BDescargar 6 B\u00c1SICO ADescargar 6 B\u00c1SICO BDescargar ED. MEDIA 7\u00b0B\u00e1sico-ADescargar 7-B\u00e1sico-BDescargar 8-B\u00e1sico-ADescargar 8-B\u00e1sico-BDescargar 1\u00b0-Medio-ADescargar 1\u00b0-Medio-BDescargar 2\u00b0-Medio-ADescargar 2\u00b0-Medio-BDescargar 3\u00b0-Medio-ADescargar 3\u00b0-Medio-BDescargar 4\u00b0-Medio-ADescargar 4\u00b0-Medio-BDescargar","rel":"","context":"Entrada similar ","block_context":{"text":"Entrada similar ","link":""},"img":{"alt_text":"","src":"","width":0,"height":0},"classes":[]},{"id":12792,"url":"https:\/\/www.cisa-arica.cl\/wp1\/calendario-de-evaluaciones-agosto\/","url_meta":{"origin":3208,"position":4},"title":"Calendario de Evaluaciones Agosto","author":"CISA","date":"11 de Agosto de 2021","format":false,"excerpt":"Ed. B\u00e1sica \u00a0 1ERO B\u00c1SICO ADescargar 1ERO B\u00c1SICO BDescargar 2DO B\u00c1SICO ADescargar 2DO B\u00c1SICO BDescargar 3ERO B\u00c1SICO ADescargar 3ERO B\u00c1SICO BDescargar 4TO B\u00c1SICO ADescargar 4TO B\u00c1SICO BDescargar 5TO B\u00c1SICO ADescargar 5TO B\u00c1SICO BDescargar 6TO B\u00c1SICO ADescargar 6TO B\u00c1SICO BDescargar Ed. Media 7MO-B\u00c1SICO-ADescargar 7MO-B\u00c1SICO-BDescargar 8VO-B\u00c1SICO-ADescargar 8VO-B\u00c1SICO-BDescargar 1ERO-MEDIO-ADescargar 1ERO-MEDIO-BDescargar 2DO-MEDIO-ADescargar 2DO-MEDIO-BDescargar 3ERO-MEDIO-ADescargar\u2026","rel":"","context":"Entrada similar ","block_context":{"text":"Entrada similar ","link":""},"img":{"alt_text":"","src":"","width":0,"height":0},"classes":[]},{"id":13218,"url":"https:\/\/www.cisa-arica.cl\/wp1\/calendario-de-evaluaciones-octubre\/","url_meta":{"origin":3208,"position":5},"title":"Calendario de Evaluaciones Octubre","author":"CISA","date":"4 de Octubre de 2021","format":false,"excerpt":"EDUCACI\u00d3N B\u00c1SICA 1ERO-BASICO-ADescargar 1ERO-BASICO-BDescargar 2DO-BASICO-ADescargar 2DO-BASICO-BDescargar 3ERO-BASICO-ADescargar 3ERO-BASICO-BDescargar 4TO-BASICO-ADescargar 4TO-BASICO-BDescargar 5TO-BASICO-ADescargar 5TO-BASICO-BDescargar 6TO-BASICO-ADescargar 6TO-BASICO-BDescargar EDUCACI\u00d3N MEDIA 7MO BASICO ADescargar 7MO BASICO BDescargar 8VO BASICO ADescargar 8VO BASICO BDescargar 1ERO MEDIO ADescargar 1ERO MEDIO BDescargar 2DO MEDIO ADescargar 2DO MEDIO BDescargar 3ERO MEDIO ADescargar 3ERO MEDIO BDescargar 4TO MEDIO ADescargar 4TO\u2026","rel":"","context":"Entrada similar ","block_context":{"text":"Entrada similar ","link":""},"img":{"alt_text":"","src":"","width":0,"height":0},"classes":[]}],"_links":{"self":[{"href":"https:\/\/www.cisa-arica.cl\/wp1\/wp-json\/wp\/v2\/pages\/3208","targetHints":{"allow":["GET"]}}],"collection":[{"href":"https:\/\/www.cisa-arica.cl\/wp1\/wp-json\/wp\/v2\/pages"}],"about":[{"href":"https:\/\/www.cisa-arica.cl\/wp1\/wp-json\/wp\/v2\/types\/page"}],"author":[{"embeddable":true,"href":"https:\/\/www.cisa-arica.cl\/wp1\/wp-json\/wp\/v2\/users\/1"}],"replies":[{"embeddable":true,"href":"https:\/\/www.cisa-arica.cl\/wp1\/wp-json\/wp\/v2\/comments?post=3208"}],"version-history":[{"count":6,"href":"https:\/\/www.cisa-arica.cl\/wp1\/wp-json\/wp\/v2\/pages\/3208\/revisions"}],"predecessor-version":[{"id":3258,"href":"https:\/\/www.cisa-arica.cl\/wp1\/wp-json\/wp\/v2\/pages\/3208\/revisions\/3258"}],"up":[{"embeddable":true,"href":"https:\/\/www.cisa-arica.cl\/wp1\/wp-json\/wp\/v2\/pages\/3206"}],"wp:attachment":[{"href":"https:\/\/www.cisa-arica.cl\/wp1\/wp-json\/wp\/v2\/media?parent=3208"}],"curies":[{"name":"wp","href":"https:\/\/api.w.org\/{rel}","templated":true}]}}