{"id":3206,"date":"2017-11-09T13:34:42","date_gmt":"2017-11-09T13:34:42","guid":{"rendered":"http:\/\/www.cisa-arica.cl\/wp1\/?page_id=3206"},"modified":"2026-04-08T15:58:13","modified_gmt":"2026-04-08T19:58:13","slug":"sep","status":"publish","type":"page","link":"https:\/\/www.cisa-arica.cl\/wp1\/sep\/","title":{"rendered":"SEP"},"content":{"rendered":"<p><strong>Subvenci\u00f3n Escolar Preferencial (SEP)\u00a0<\/strong><\/p>\n<p><strong>Coordinadora SEP: <\/strong>Oriana Torres Mu\u00f1oz<\/p>\n<p><span style=\"color: #808080;\"><strong><span style=\"color: #808080;\"><img loading=\"lazy\" decoding=\"async\" data-attachment-id=\"30009\" data-permalink=\"https:\/\/www.cisa-arica.cl\/wp1\/sep\/sep-2\/\" data-orig-file=\"https:\/\/www.cisa-arica.cl\/wp1\/wp-content\/uploads\/2026\/04\/SEP.png\" data-orig-size=\"1080,1350\" data-comments-opened=\"0\" data-image-meta=\"{&quot;aperture&quot;:&quot;0&quot;,&quot;credit&quot;:&quot;&quot;,&quot;camera&quot;:&quot;&quot;,&quot;caption&quot;:&quot;&quot;,&quot;created_timestamp&quot;:&quot;0&quot;,&quot;copyright&quot;:&quot;&quot;,&quot;focal_length&quot;:&quot;0&quot;,&quot;iso&quot;:&quot;0&quot;,&quot;shutter_speed&quot;:&quot;0&quot;,&quot;title&quot;:&quot;&quot;,&quot;orientation&quot;:&quot;0&quot;}\" data-image-title=\"SEP\" data-image-description=\"\" data-image-caption=\"\" data-large-file=\"https:\/\/www.cisa-arica.cl\/wp1\/wp-content\/uploads\/2026\/04\/SEP-480x600.png\" class=\"size-medium wp-image-30009 aligncenter\" src=\"http:\/\/www.cisa-arica.cl\/wp1\/wp-content\/uploads\/2026\/04\/SEP-240x300.png\" alt=\"\" width=\"240\" height=\"300\" srcset=\"https:\/\/www.cisa-arica.cl\/wp1\/wp-content\/uploads\/2026\/04\/SEP-240x300.png 240w, https:\/\/www.cisa-arica.cl\/wp1\/wp-content\/uploads\/2026\/04\/SEP-480x600.png 480w, https:\/\/www.cisa-arica.cl\/wp1\/wp-content\/uploads\/2026\/04\/SEP-768x960.png 768w, https:\/\/www.cisa-arica.cl\/wp1\/wp-content\/uploads\/2026\/04\/SEP.png 1080w\" sizes=\"auto, (max-width: 240px) 100vw, 240px\" \/>\u00a0 \u00a0 \u00a0 \u00a0 \u00a0 \u00a0 \u00a0 \u00a0 \u00a0 \u00a0 \u00a0 \u00a0 \u00a0 \u00a0 \u00a0 \u00a0 \u00a0 \u00a0 \u00a0 \u00a0 \u00a0 \u00a0 \u00a0 \u00a0 \u00a0<\/span><\/strong><\/span><\/p>\n<p style=\"text-align: center;\"><strong>SUBVENCI\u00d3N ESCOLAR PREFERENCIAL (SEP)<\/strong><\/p>\n<p style=\"text-align: left;\">La <strong>Subvenci\u00f3n Escolar Preferencial (SEP)\u00a0<\/strong>en Chile es una ley (N \u00b020.248) que entrega recursos econ\u00f3micos adicionales a establecimientos subvencionados por estudiantes prioritarios y preferentes. Su fin es mejorar la\u00a0<em>equidad y calidad educativa<\/em> mediante un Plan de Mejoramiento Educativo (PME).<\/p>\n<p style=\"text-align: left;\">El PME es la herramienta central de planificaci\u00f3n, implementaci\u00f3n y evaluaci\u00f3n de nuestro establecimiento y cuenta con metas y acciones en diferentes fases, las cu\u00e1les se implementan, monitorean y eval\u00faan de manera peri\u00f3dica. Todo lo anterior se define a trav\u00e9s de la trayectoria de mejoramiento, la que se entiende como la capacidad del establecimiento para incrementar simult\u00e1neamente los resultados de aprendizaje de las estudiantes y su capacidad para manejar el cambio.<\/p>\n<p style=\"text-align: center;\"><strong>REQUISITOS\u00a0 Y\u00a0 OBLIGACIONES &#8211; LEY S.E.P.\u00a0 20.248<\/strong><\/p>\n<p>El Convenio es un acuerdo que dura 4 a\u00f1os (renovable) mediante el cual el sostenedor del establecimiento que ha postulado a la SEP se compromete a cumplir una serie de compromisos, requisitos y obligaciones. Entre ellos, se encuentran respetar los beneficios para los alumnos prioritarios, elaborar y ejecutar un Plan de Mejoramiento Educativo, establecer metas de rendimiento acad\u00e9mico en funci\u00f3n de los est\u00e1ndares nacionales y rendir cuenta p\u00fablicamente de los gastos efectuados con los recursos SEP que se le han entregado.<\/p>\n<ol>\n<li>Eximir a los alumnos prioritarios de cualquier cobro de financiamiento compartido.<\/li>\n<li>No seleccionar alumnos entre Pre k\u00ednder y 6\u00b0 B\u00e1sico por razones socioecon\u00f3micas o de rendimiento acad\u00e9mico.<\/li>\n<li>Dar a conocer a la comunidad escolar el proyecto educativo institucional y su reglamento interno.<\/li>\n<li>Retener a los alumnos entre Pre k\u00ednder y 6\u00b0 B\u00e1sico, pudiendo repetir hasta una vez por curso.<\/li>\n<li>Destinar los recursos que les entrega la SEP al Plan de Mejoramiento Educativo.<\/li>\n<\/ol>\n<p style=\"text-align: center;\"><strong>COMPROMISOS<\/strong><\/p>\n<ol>\n<li>Presentar anualmente a la Superintendencia de Educaci\u00f3n un informe sobre el uso de los recursos SEP, con el visto bueno del Director, previo conocimiento del Consejo Escolar, e informar de ello a la comunidad escolar.<\/li>\n<li>Acreditar el funcionamiento efectivo del Consejo Escolar, del Consejo de Profesores y del Centro General de Padres y Apoderados.<\/li>\n<li>Acreditar la existencia de horas docentes t\u00e9cnico-pedag\u00f3gicas y el cumplimiento efectivo de las horas curriculares no lectivas.<\/li>\n<li>Presentar al MINEDUC y a la Agencia de Calidad de la Educaci\u00f3n, y ejecutar el Plan de Mejoramiento Educativo elaborado con el director del establecimiento y el resto de la comunidad escolar.<\/li>\n<li>Establecer metas de efectividad del rendimiento acad\u00e9mico de sus alumnos, y en especial de los prioritarios, en funci\u00f3n del grado de cumplimiento de los est\u00e1ndares nacionales.<\/li>\n<li>Declarar en el convenio el monto de los recursos p\u00fablicos que reciben, y en el caso de los sostenedores municipales, el promedio de los \u00faltimos tres a\u00f1os.<\/li>\n<li>Informar a la comunidad escolar sobre la existencia de este convenio, con especial \u00e9nfasis en las metas fijadas.<\/li>\n<li>Cautelar que los docentes presenten una planificaci\u00f3n educativa anual de los contenidos curriculares.<\/li>\n<li>Contar con actividades art\u00edsticas y\/o culturales y deportivas que contribuyan a la formaci\u00f3n integral de los alumnos.<\/li>\n<\/ol>\n","protected":false},"excerpt":{"rendered":"<p>Subvenci\u00f3n Escolar Preferencial (SEP)\u00a0 Coordinadora SEP: Oriana Torres Mu\u00f1oz \u00a0 \u00a0 \u00a0 \u00a0 \u00a0 \u00a0 \u00a0 \u00a0 \u00a0 \u00a0 \u00a0 \u00a0 \u00a0 \u00a0 \u00a0 \u00a0 \u00a0 \u00a0 \u00a0 \u00a0 \u00a0 \u00a0 \u00a0 \u00a0 \u00a0 SUBVENCI\u00d3N ESCOLAR PREFERENCIAL (SEP) La Subvenci\u00f3n Escolar Preferencial (SEP)\u00a0en Chile es una ley (N \u00b020.248) que entrega recursos econ\u00f3micos adicionales a <a class=\"read-more\" href=\"https:\/\/www.cisa-arica.cl\/wp1\/sep\/\">Continuar leyendo<\/a><\/p>\n","protected":false},"author":1,"featured_media":0,"parent":0,"menu_order":0,"comment_status":"closed","ping_status":"closed","template":"","meta":{"footnotes":""},"class_list":["post-3206","page","type-page","status-publish","hentry"],"jetpack_sharing_enabled":true,"jetpack_shortlink":"https:\/\/wp.me\/P84wcz-PI","jetpack-related-posts":[{"id":3298,"url":"https:\/\/www.cisa-arica.cl\/wp1\/metas-1er-periodo-pme\/","url_meta":{"origin":3206,"position":0},"title":"METAS 1ER PER\u00cdODO PME","author":"CISA","date":"13 de Noviembre de 2017","format":false,"excerpt":"Nuestro establecimiento se incorpora a la ley SEP\u00a0 20.248\u00a0 firmando el \u00a0Convenio de Igualdad de Oportunidades y Excelencia Educativacon el MINEDUC, el 21 de noviembre de 2012. El primer per\u00edodo de la elaboraci\u00f3n del\u00a0 PME-SEP \u00a0abarca desde el inicio del a\u00f1o 2013 al t\u00e9rmino del 2016, estableciendo metas de efectividad\u2026","rel":"","context":"Entrada similar ","block_context":{"text":"Entrada similar ","link":""},"img":{"alt_text":"","src":"","width":0,"height":0},"classes":[]},{"id":3231,"url":"https:\/\/www.cisa-arica.cl\/wp1\/sep\/ley-s-e-p\/","url_meta":{"origin":3206,"position":1},"title":"Ley S.E.P.","author":"CISA","date":"9 de Noviembre de 2017","format":false,"excerpt":"REQUISITOS\u00a0 Y\u00a0 OBLIGACIONES LEY S.E.P.\u00a0 20.248 \u00a0 El Convenio es un acuerdo que dura 4 a\u00f1os (renovable) mediante el cual el sostenedor del establecimiento que ha postulado a la SEP se compromete a cumplir una serie de compromisos, requisitos y obligaciones. Entre ellos, se encuentran respetar los beneficios para los\u2026","rel":"","context":"Entrada similar ","block_context":{"text":"Entrada similar ","link":""},"img":{"alt_text":"","src":"","width":0,"height":0},"classes":[]},{"id":3237,"url":"https:\/\/www.cisa-arica.cl\/wp1\/sep\/actividades-sep\/","url_meta":{"origin":3206,"position":2},"title":"Actividades SEP","author":"CISA","date":"9 de Noviembre de 2017","format":false,"excerpt":"Actividades","rel":"","context":"Entrada similar ","block_context":{"text":"Entrada similar ","link":""},"img":{"alt_text":"","src":"","width":0,"height":0},"classes":[]},{"id":3208,"url":"https:\/\/www.cisa-arica.cl\/wp1\/sep\/info-sep\/","url_meta":{"origin":3206,"position":3},"title":"Info SEP","author":"CISA","date":"9 de Noviembre de 2017","format":false,"excerpt":"\u00a0 \u00a0 Diptico informativo para descargar: Clic para descargar","rel":"","context":"Entrada similar ","block_context":{"text":"Entrada similar ","link":""},"img":{"alt_text":"","src":"https:\/\/i0.wp.com\/www.cisa-arica.cl\/wp1\/wp-content\/uploads\/2017\/11\/Diapositiva1.png?resize=350%2C200","width":350,"height":200,"srcset":"https:\/\/i0.wp.com\/www.cisa-arica.cl\/wp1\/wp-content\/uploads\/2017\/11\/Diapositiva1.png?resize=350%2C200 1x, https:\/\/i0.wp.com\/www.cisa-arica.cl\/wp1\/wp-content\/uploads\/2017\/11\/Diapositiva1.png?resize=525%2C300 1.5x, https:\/\/i0.wp.com\/www.cisa-arica.cl\/wp1\/wp-content\/uploads\/2017\/11\/Diapositiva1.png?resize=700%2C400 2x"},"classes":[]},{"id":5573,"url":"https:\/\/www.cisa-arica.cl\/wp1\/ano-escolar-2019\/","url_meta":{"origin":3206,"position":4},"title":"A\u00f1o Escolar 2019","author":"CISA","date":"14 de Febrero de 2019","format":false,"excerpt":"","rel":"","context":"Entrada similar ","block_context":{"text":"Entrada similar ","link":""},"img":{"alt_text":"","src":"","width":0,"height":0},"classes":[]},{"id":30040,"url":"https:\/\/www.cisa-arica.cl\/wp1\/convivencia-escolar-2\/","url_meta":{"origin":3206,"position":5},"title":"Convivencia Escolar","author":"Marketing","date":"7 de Abril de 2026","format":false,"excerpt":"Coordinadora Convivencia: Fernanda Vald\u00e9s S\u00e1nchezEquipo: Cristina Ord\u00f3\u00f1ez Miranda - Patricia Vera Ayca\u00a0","rel":"","context":"Entrada similar ","block_context":{"text":"Entrada similar ","link":""},"img":{"alt_text":"","src":"https:\/\/i0.wp.com\/www.cisa-arica.cl\/wp1\/wp-content\/uploads\/2026\/04\/Convivencia-Escolar.png?resize=350%2C200&ssl=1","width":350,"height":200,"srcset":"https:\/\/i0.wp.com\/www.cisa-arica.cl\/wp1\/wp-content\/uploads\/2026\/04\/Convivencia-Escolar.png?resize=350%2C200&ssl=1 1x, https:\/\/i0.wp.com\/www.cisa-arica.cl\/wp1\/wp-content\/uploads\/2026\/04\/Convivencia-Escolar.png?resize=525%2C300&ssl=1 1.5x, https:\/\/i0.wp.com\/www.cisa-arica.cl\/wp1\/wp-content\/uploads\/2026\/04\/Convivencia-Escolar.png?resize=700%2C400&ssl=1 2x, https:\/\/i0.wp.com\/www.cisa-arica.cl\/wp1\/wp-content\/uploads\/2026\/04\/Convivencia-Escolar.png?resize=1050%2C600&ssl=1 3x"},"classes":[]}],"_links":{"self":[{"href":"https:\/\/www.cisa-arica.cl\/wp1\/wp-json\/wp\/v2\/pages\/3206","targetHints":{"allow":["GET"]}}],"collection":[{"href":"https:\/\/www.cisa-arica.cl\/wp1\/wp-json\/wp\/v2\/pages"}],"about":[{"href":"https:\/\/www.cisa-arica.cl\/wp1\/wp-json\/wp\/v2\/types\/page"}],"author":[{"embeddable":true,"href":"https:\/\/www.cisa-arica.cl\/wp1\/wp-json\/wp\/v2\/users\/1"}],"replies":[{"embeddable":true,"href":"https:\/\/www.cisa-arica.cl\/wp1\/wp-json\/wp\/v2\/comments?post=3206"}],"version-history":[{"count":9,"href":"https:\/\/www.cisa-arica.cl\/wp1\/wp-json\/wp\/v2\/pages\/3206\/revisions"}],"predecessor-version":[{"id":30047,"href":"https:\/\/www.cisa-arica.cl\/wp1\/wp-json\/wp\/v2\/pages\/3206\/revisions\/30047"}],"wp:attachment":[{"href":"https:\/\/www.cisa-arica.cl\/wp1\/wp-json\/wp\/v2\/media?parent=3206"}],"curies":[{"name":"wp","href":"https:\/\/api.w.org\/{rel}","templated":true}]}}