{"id":29969,"date":"2026-03-27T08:37:20","date_gmt":"2026-03-27T12:37:20","guid":{"rendered":"https:\/\/www.cisa-arica.cl\/wp1\/?page_id=29969"},"modified":"2026-03-27T08:44:23","modified_gmt":"2026-03-27T12:44:23","slug":"sellos-institucionales-2","status":"publish","type":"page","link":"https:\/\/www.cisa-arica.cl\/wp1\/sellos-institucionales-2\/","title":{"rendered":"Sellos Institucionales"},"content":{"rendered":"<div class=\"wp-block-image\">\n<figure class=\"aligncenter size-large\"><img loading=\"lazy\" decoding=\"async\" width=\"424\" height=\"600\" data-attachment-id=\"29975\" data-permalink=\"https:\/\/www.cisa-arica.cl\/wp1\/sellos-institucionales-2\/sellos-institucionales-cisa-imagen-3\/\" data-orig-file=\"https:\/\/www.cisa-arica.cl\/wp1\/wp-content\/uploads\/2026\/03\/Sellos-institucionales-CISA-imagen-2.png\" data-orig-size=\"1414,2000\" data-comments-opened=\"0\" data-image-meta=\"{&quot;aperture&quot;:&quot;0&quot;,&quot;credit&quot;:&quot;&quot;,&quot;camera&quot;:&quot;&quot;,&quot;caption&quot;:&quot;&quot;,&quot;created_timestamp&quot;:&quot;0&quot;,&quot;copyright&quot;:&quot;&quot;,&quot;focal_length&quot;:&quot;0&quot;,&quot;iso&quot;:&quot;0&quot;,&quot;shutter_speed&quot;:&quot;0&quot;,&quot;title&quot;:&quot;&quot;,&quot;orientation&quot;:&quot;0&quot;}\" data-image-title=\"Sellos institucionales CISA imagen\" data-image-description=\"\" data-image-caption=\"\" data-large-file=\"https:\/\/www.cisa-arica.cl\/wp1\/wp-content\/uploads\/2026\/03\/Sellos-institucionales-CISA-imagen-2-424x600.png\" src=\"https:\/\/www.cisa-arica.cl\/wp1\/wp-content\/uploads\/2026\/03\/Sellos-institucionales-CISA-imagen-2-424x600.png\" alt=\"\" class=\"wp-image-29975\" srcset=\"https:\/\/www.cisa-arica.cl\/wp1\/wp-content\/uploads\/2026\/03\/Sellos-institucionales-CISA-imagen-2-424x600.png 424w, https:\/\/www.cisa-arica.cl\/wp1\/wp-content\/uploads\/2026\/03\/Sellos-institucionales-CISA-imagen-2-212x300.png 212w, https:\/\/www.cisa-arica.cl\/wp1\/wp-content\/uploads\/2026\/03\/Sellos-institucionales-CISA-imagen-2-768x1086.png 768w, https:\/\/www.cisa-arica.cl\/wp1\/wp-content\/uploads\/2026\/03\/Sellos-institucionales-CISA-imagen-2-1086x1536.png 1086w, https:\/\/www.cisa-arica.cl\/wp1\/wp-content\/uploads\/2026\/03\/Sellos-institucionales-CISA-imagen-2.png 1414w\" sizes=\"auto, (max-width: 424px) 100vw, 424px\" \/><\/figure>\n<\/div>","protected":false},"excerpt":{"rendered":"","protected":false},"author":8,"featured_media":0,"parent":0,"menu_order":0,"comment_status":"closed","ping_status":"closed","template":"","meta":{"footnotes":""},"class_list":["post-29969","page","type-page","status-publish","hentry"],"jetpack_sharing_enabled":true,"jetpack_shortlink":"https:\/\/wp.me\/P84wcz-7Nn","jetpack-related-posts":[{"id":3259,"url":"https:\/\/www.cisa-arica.cl\/wp1\/sellos-institucionales\/","url_meta":{"origin":29969,"position":0},"title":"SELLOS INSTITUCIONALES","author":"CISA","date":"9 de Noviembre de 2017","format":false,"excerpt":"","rel":"","context":"Entrada similar ","block_context":{"text":"Entrada similar ","link":""},"img":{"alt_text":"","src":"https:\/\/i0.wp.com\/www.cisa-arica.cl\/wp1\/wp-content\/uploads\/2017\/11\/SELLOS-CISA-1.jpg?resize=350%2C200","width":350,"height":200,"srcset":"https:\/\/i0.wp.com\/www.cisa-arica.cl\/wp1\/wp-content\/uploads\/2017\/11\/SELLOS-CISA-1.jpg?resize=350%2C200 1x, https:\/\/i0.wp.com\/www.cisa-arica.cl\/wp1\/wp-content\/uploads\/2017\/11\/SELLOS-CISA-1.jpg?resize=525%2C300 1.5x, https:\/\/i0.wp.com\/www.cisa-arica.cl\/wp1\/wp-content\/uploads\/2017\/11\/SELLOS-CISA-1.jpg?resize=700%2C400 2x"},"classes":[]},{"id":30025,"url":"https:\/\/www.cisa-arica.cl\/wp1\/educacion-parvularia-2\/","url_meta":{"origin":29969,"position":1},"title":"EDUCACI\u00d3N PARVULARIA","author":"Marketing","date":"6 de Abril de 2026","format":false,"excerpt":"Coordinadora CRA: Marilyn Mercado NavarroEquipo: Educadoras: Katherine Gonz\u00e1lez Plaza, Paulina Mart\u00ednez Villegas, Jocelyn Rojas Mercado. T\u00e9cnicos:\u00a0 \u00a0 \u00a0 Sandra Jofr\u00e9 Gonz\u00e1lez, Angie Mar\u00edn Contreras. El nivel de Educaci\u00f3n Parvularia del Colegio Italiano Santa Ana de Arica comprende los niveles de Transici\u00f3n 1 y 2, orientados a brindar una formaci\u00f3n integral\u2026","rel":"","context":"Entrada similar ","block_context":{"text":"Entrada similar ","link":""},"img":{"alt_text":"","src":"https:\/\/i0.wp.com\/www.cisa-arica.cl\/wp1\/wp-content\/uploads\/2026\/04\/Ed.-Parvularia.png?resize=350%2C200&ssl=1","width":350,"height":200,"srcset":"https:\/\/i0.wp.com\/www.cisa-arica.cl\/wp1\/wp-content\/uploads\/2026\/04\/Ed.-Parvularia.png?resize=350%2C200&ssl=1 1x, https:\/\/i0.wp.com\/www.cisa-arica.cl\/wp1\/wp-content\/uploads\/2026\/04\/Ed.-Parvularia.png?resize=525%2C300&ssl=1 1.5x, https:\/\/i0.wp.com\/www.cisa-arica.cl\/wp1\/wp-content\/uploads\/2026\/04\/Ed.-Parvularia.png?resize=700%2C400&ssl=1 2x, https:\/\/i0.wp.com\/www.cisa-arica.cl\/wp1\/wp-content\/uploads\/2026\/04\/Ed.-Parvularia.png?resize=1050%2C600&ssl=1 3x"},"classes":[]}],"_links":{"self":[{"href":"https:\/\/www.cisa-arica.cl\/wp1\/wp-json\/wp\/v2\/pages\/29969","targetHints":{"allow":["GET"]}}],"collection":[{"href":"https:\/\/www.cisa-arica.cl\/wp1\/wp-json\/wp\/v2\/pages"}],"about":[{"href":"https:\/\/www.cisa-arica.cl\/wp1\/wp-json\/wp\/v2\/types\/page"}],"author":[{"embeddable":true,"href":"https:\/\/www.cisa-arica.cl\/wp1\/wp-json\/wp\/v2\/users\/8"}],"replies":[{"embeddable":true,"href":"https:\/\/www.cisa-arica.cl\/wp1\/wp-json\/wp\/v2\/comments?post=29969"}],"version-history":[{"count":2,"href":"https:\/\/www.cisa-arica.cl\/wp1\/wp-json\/wp\/v2\/pages\/29969\/revisions"}],"predecessor-version":[{"id":29976,"href":"https:\/\/www.cisa-arica.cl\/wp1\/wp-json\/wp\/v2\/pages\/29969\/revisions\/29976"}],"wp:attachment":[{"href":"https:\/\/www.cisa-arica.cl\/wp1\/wp-json\/wp\/v2\/media?parent=29969"}],"curies":[{"name":"wp","href":"https:\/\/api.w.org\/{rel}","templated":true}]}}