{"id":2915,"date":"2024-05-17T10:25:46","date_gmt":"2024-05-17T14:25:46","guid":{"rendered":"http:\/\/www.cisa-arica.cl\/wp1\/?page_id=2915"},"modified":"2024-05-17T10:26:10","modified_gmt":"2024-05-17T14:26:10","slug":"himno-del-colegio","status":"publish","type":"page","link":"https:\/\/www.cisa-arica.cl\/wp1\/himno-del-colegio\/","title":{"rendered":"Himno del Colegio Italiano Santa Ana"},"content":{"rendered":"<h1 style=\"text-align: center;\"><strong><span style=\"color: #3366ff;\">Himno Colegio Santa Ana<\/span><\/strong><\/h1>\n<div align=\"center\"><span style=\"color: #808080;\"><i><b><u>CORO<\/u><\/b><\/i><\/span><\/div>\n<div align=\"center\"><span style=\"color: #808080;\"><i>Colegio do transcurre nuestra vida<br \/>\nserena, optimista y muy feliz<br \/>\nColegio de Santa Ana que nos muestras<br \/>\nla ruta luminosa del saber.<\/i><\/span><\/div>\n<div align=\"center\"><span style=\"color: #808080;\"><i>Santuario de Santa Ana que eres nido<br \/>\nde Ciencia, de Virtud y del Saber<br \/>\ntu formas el ambiente bendecido<br \/>\nque templa nuestras almas en la Fe.<\/i><\/span><\/div>\n<div align=\"center\"><\/div>\n<div align=\"center\"><span style=\"color: #808080;\"><i><u><b>ESTROFAS<\/b><\/u><\/i><\/span><\/div>\n<div align=\"center\"><span style=\"color: #808080;\"><i>Siempre tus ense\u00f1anzas seguiremos<br \/>\nfieles a tu consigna y a tu ley<br \/>\nfuerte en la batalla sostendremos<br \/>\nfirmes el pabell\u00f3n de Cristo Rey.<\/i><\/span><\/div>\n<div align=\"center\"><span style=\"color: #808080;\"><i>Todas hasta morir respetaremos<br \/>\nlas supremas lecciones que nos das<br \/>\nnuestro ser\u00e1 el galard\u00f3n<span class=\"apple-converted-space\">\u00a0<\/span><br \/>\nde los que saben luchar<br \/>\npor amor a la Patria, a Dios y al hogar.<\/i><\/span><\/div>\n","protected":false},"excerpt":{"rendered":"<p>Himno Colegio Santa Ana CORO Colegio do transcurre nuestra vida serena, optimista y muy feliz Colegio de Santa Ana que nos muestras la ruta luminosa del saber. Santuario de Santa Ana que eres nido de Ciencia, de Virtud y del Saber tu formas el ambiente bendecido que templa nuestras almas en la Fe. ESTROFAS Siempre <a class=\"read-more\" href=\"https:\/\/www.cisa-arica.cl\/wp1\/himno-del-colegio\/\">Continuar leyendo<\/a><\/p>\n","protected":false},"author":1,"featured_media":0,"parent":0,"menu_order":0,"comment_status":"closed","ping_status":"closed","template":"","meta":{"footnotes":""},"class_list":["post-2915","page","type-page","status-publish","hentry"],"jetpack_sharing_enabled":true,"jetpack_shortlink":"https:\/\/wp.me\/P84wcz-L1","jetpack-related-posts":[{"id":30025,"url":"https:\/\/www.cisa-arica.cl\/wp1\/educacion-parvularia-2\/","url_meta":{"origin":2915,"position":0},"title":"EDUCACI\u00d3N PARVULARIA","author":"Marketing","date":"6 de Abril de 2026","format":false,"excerpt":"Coordinadora CRA: Marilyn Mercado NavarroEquipo: Educadoras: Katherine Gonz\u00e1lez Plaza, Paulina Mart\u00ednez Villegas, Jocelyn Rojas Mercado. T\u00e9cnicos:\u00a0 \u00a0 \u00a0 Sandra Jofr\u00e9 Gonz\u00e1lez, Angie Mar\u00edn Contreras. El nivel de Educaci\u00f3n Parvularia del Colegio Italiano Santa Ana de Arica comprende los niveles de Transici\u00f3n 1 y 2, orientados a brindar una formaci\u00f3n integral\u2026","rel":"","context":"Entrada similar ","block_context":{"text":"Entrada similar ","link":""},"img":{"alt_text":"","src":"https:\/\/i0.wp.com\/www.cisa-arica.cl\/wp1\/wp-content\/uploads\/2026\/04\/Ed.-Parvularia.png?resize=350%2C200&ssl=1","width":350,"height":200,"srcset":"https:\/\/i0.wp.com\/www.cisa-arica.cl\/wp1\/wp-content\/uploads\/2026\/04\/Ed.-Parvularia.png?resize=350%2C200&ssl=1 1x, https:\/\/i0.wp.com\/www.cisa-arica.cl\/wp1\/wp-content\/uploads\/2026\/04\/Ed.-Parvularia.png?resize=525%2C300&ssl=1 1.5x, https:\/\/i0.wp.com\/www.cisa-arica.cl\/wp1\/wp-content\/uploads\/2026\/04\/Ed.-Parvularia.png?resize=700%2C400&ssl=1 2x, https:\/\/i0.wp.com\/www.cisa-arica.cl\/wp1\/wp-content\/uploads\/2026\/04\/Ed.-Parvularia.png?resize=1050%2C600&ssl=1 3x"},"classes":[]},{"id":3943,"url":"https:\/\/www.cisa-arica.cl\/wp1\/insignia-del-colegio\/","url_meta":{"origin":2915,"position":1},"title":"Insignia del Colegio","author":"CISA","date":"27 de Marzo de 2018","format":false,"excerpt":"","rel":"","context":"Entrada similar ","block_context":{"text":"Entrada similar ","link":""},"img":{"alt_text":"","src":"https:\/\/i0.wp.com\/www.cisa-arica.cl\/wp1\/wp-content\/uploads\/2018\/03\/LOGO_CISA_2015.png?resize=350%2C200","width":350,"height":200,"srcset":"https:\/\/i0.wp.com\/www.cisa-arica.cl\/wp1\/wp-content\/uploads\/2018\/03\/LOGO_CISA_2015.png?resize=350%2C200 1x, https:\/\/i0.wp.com\/www.cisa-arica.cl\/wp1\/wp-content\/uploads\/2018\/03\/LOGO_CISA_2015.png?resize=525%2C300 1.5x, https:\/\/i0.wp.com\/www.cisa-arica.cl\/wp1\/wp-content\/uploads\/2018\/03\/LOGO_CISA_2015.png?resize=700%2C400 2x, https:\/\/i0.wp.com\/www.cisa-arica.cl\/wp1\/wp-content\/uploads\/2018\/03\/LOGO_CISA_2015.png?resize=1050%2C600 3x"},"classes":[]},{"id":2619,"url":"https:\/\/www.cisa-arica.cl\/wp1\/hijas-de-santa-ana\/","url_meta":{"origin":2915,"position":2},"title":"Hijas de Santa Ana","author":"CISA","date":"17 de Noviembre de 2016","format":false,"excerpt":"En el a\u00f1o 2016 se celebraron los 150 a\u00f1os de vida de la Congregaci\u00f3n Hijas de Santa Ana que siguiendo el carisma de Madre Rosa Gattorno de pobreza, donaci\u00f3n materna y esp\u00edritu de familia, gestan y acompa\u00f1an a nuestra Comunidad. Su fundadora, la Beata Madre Rosa Gattorno, fue una viuda\u2026","rel":"","context":"Entrada similar ","block_context":{"text":"Entrada similar ","link":""},"img":{"alt_text":"","src":"","width":0,"height":0},"classes":[]},{"id":3938,"url":"https:\/\/www.cisa-arica.cl\/wp1\/personal-del-colegio\/","url_meta":{"origin":2915,"position":3},"title":"Personal del Colegio","author":"CISA","date":"27 de Marzo de 2018","format":false,"excerpt":"Inspectoras\u00a0 \u00a0 Claudia V\u00e1squezInspectora de Patio","rel":"","context":"Entrada similar ","block_context":{"text":"Entrada similar ","link":""},"img":{"alt_text":"","src":"https:\/\/i0.wp.com\/www.cisa-arica.cl\/wp1\/wp-content\/uploads\/2019\/03\/PERSONAL_2019-20-400x600.jpg?resize=350%2C200","width":350,"height":200},"classes":[]},{"id":8569,"url":"https:\/\/www.cisa-arica.cl\/wp1\/himno-de-italia-version-para-ninos\/","url_meta":{"origin":2915,"position":4},"title":"Himno de Italia (versi\u00f3n para ni\u00f1os)","author":"CISA","date":"22 de Agosto de 2019","format":false,"excerpt":"https:\/\/www.youtube.com\/watch?v=PxBUMt64V64 Versi\u00f3n infantil","rel":"","context":"Entrada similar ","block_context":{"text":"Entrada similar ","link":""},"img":{"alt_text":"","src":"https:\/\/i0.wp.com\/img.youtube.com\/vi\/PxBUMt64V64\/0.jpg?resize=350%2C200","width":350,"height":200},"classes":[]},{"id":2464,"url":"https:\/\/www.cisa-arica.cl\/wp1\/mision-y-vision\/","url_meta":{"origin":2915,"position":5},"title":"Misi\u00f3n y Visi\u00f3n","author":"CISA","date":"2 de Noviembre de 2016","format":false,"excerpt":"Misi\u00f3n Formar personas \u00edntegras a ejemplo de Mar\u00eda, Hija de Santa Ana, con una s\u00f3lida preparaci\u00f3n acad\u00e9mica, humana y espiritual, que les permita insertarse adecuadamente a la sociedad en los distintos niveles educacionales, con una conciencia cr\u00edtica y comprometida y con un profundo sentido social que las haga promotoras de\u2026","rel":"","context":"Entrada similar ","block_context":{"text":"Entrada similar ","link":""},"img":{"alt_text":"","src":"","width":0,"height":0},"classes":[]}],"_links":{"self":[{"href":"https:\/\/www.cisa-arica.cl\/wp1\/wp-json\/wp\/v2\/pages\/2915","targetHints":{"allow":["GET"]}}],"collection":[{"href":"https:\/\/www.cisa-arica.cl\/wp1\/wp-json\/wp\/v2\/pages"}],"about":[{"href":"https:\/\/www.cisa-arica.cl\/wp1\/wp-json\/wp\/v2\/types\/page"}],"author":[{"embeddable":true,"href":"https:\/\/www.cisa-arica.cl\/wp1\/wp-json\/wp\/v2\/users\/1"}],"replies":[{"embeddable":true,"href":"https:\/\/www.cisa-arica.cl\/wp1\/wp-json\/wp\/v2\/comments?post=2915"}],"version-history":[{"count":5,"href":"https:\/\/www.cisa-arica.cl\/wp1\/wp-json\/wp\/v2\/pages\/2915\/revisions"}],"predecessor-version":[{"id":25347,"href":"https:\/\/www.cisa-arica.cl\/wp1\/wp-json\/wp\/v2\/pages\/2915\/revisions\/25347"}],"wp:attachment":[{"href":"https:\/\/www.cisa-arica.cl\/wp1\/wp-json\/wp\/v2\/media?parent=2915"}],"curies":[{"name":"wp","href":"https:\/\/api.w.org\/{rel}","templated":true}]}}