{"id":2619,"date":"2016-11-17T11:03:33","date_gmt":"2016-11-17T11:03:33","guid":{"rendered":"http:\/\/www.cisa-arica.cl\/wp1\/?page_id=2619"},"modified":"2019-05-13T14:02:09","modified_gmt":"2019-05-13T14:02:09","slug":"hijas-de-santa-ana","status":"publish","type":"page","link":"https:\/\/www.cisa-arica.cl\/wp1\/hijas-de-santa-ana\/","title":{"rendered":"Hijas de Santa Ana"},"content":{"rendered":"<p>En el a\u00f1o 2016 se celebraron los 150 a\u00f1os de vida de la Congregaci\u00f3n Hijas de Santa Ana que siguiendo el carisma de Madre Rosa Gattorno de pobreza, donaci\u00f3n materna y esp\u00edritu de familia, gestan y acompa\u00f1an a nuestra Comunidad.<\/p>\n<p>Su fundadora, la Beata Madre Rosa Gattorno, fue una viuda y madre de tres hijos, y fue en ese camino que encontr\u00f3 el amor en total donaci\u00f3n a Dios y al pr\u00f3jimo. A diferencia de las mujeres de su \u00e9poca, tuvo que tomar una gran decisi\u00f3n al emprender la tarea de ayudar a los pobres con una voluntad inquebrantable y con la creaci\u00f3n de orfelinatos, hospitales, y escuelas.<\/p>\n<p style=\"text-align: center;\">\u00a0<\/p>\n<p>Tal como lo dijo el Papa P\u00edo IX en su encuentro con Madre Rosa, su esfuerzo y su trabajo se extiende r\u00e1pidamente por todo el mundo \u2018<em>como el vuelo de una paloma<\/em>\u2019 y, desde su fundaci\u00f3n en Plasencia el 8 de diciembre de 1866, se abren casas en Italia; en Am\u00e9rica en: Argentina, Bolivia, Brasil, Chile, Guatemala, M\u00e9xico y Per\u00fa; en \u00c1frica en: Angola, Etiop\u00eda, Eritrea, Kenya; en Asia: India, Filipinas, Israel, Palestina; y en Australia. As\u00ed es como el carisma que Madre Rosa nos entrega de donaci\u00f3n materna, esp\u00edritu de familia y pobreza, se convierte en un signo del amor de Dios en nuestro mundo.<\/p>\n<p style=\"text-align: center;\">\u00a0<\/p>\n<p>Este ideario ha ido atravesando el trabajo de toda nuestra Comunidad que, con entrega y vocaci\u00f3n, caminan sobre las huellas de Madre Rosa para mantener vivo el esp\u00edritu de Familia.<\/p>\n<p style=\"text-align: center;\">\u00a0<\/p>\n<p style=\"text-align: left;\"><span style=\"color: #999999;\">Fuente:\u00a0 http:\/\/www.isabelgrano.com.ar<\/span><\/p>\n\n\n<p><\/p>\n","protected":false},"excerpt":{"rendered":"<p>En el a\u00f1o 2016 se celebraron los 150 a\u00f1os de vida de la Congregaci\u00f3n Hijas de Santa Ana que siguiendo el carisma de Madre Rosa Gattorno de pobreza, donaci\u00f3n materna y esp\u00edritu de familia, gestan y acompa\u00f1an a nuestra Comunidad. Su fundadora, la Beata Madre Rosa Gattorno, fue una viuda y madre de tres hijos, <a class=\"read-more\" href=\"https:\/\/www.cisa-arica.cl\/wp1\/hijas-de-santa-ana\/\">Continuar leyendo<\/a><\/p>\n","protected":false},"author":1,"featured_media":0,"parent":0,"menu_order":0,"comment_status":"closed","ping_status":"closed","template":"","meta":{"footnotes":""},"class_list":["post-2619","page","type-page","status-publish","hentry"],"jetpack_sharing_enabled":true,"jetpack_shortlink":"https:\/\/wp.me\/P84wcz-Gf","jetpack-related-posts":[{"id":2915,"url":"https:\/\/www.cisa-arica.cl\/wp1\/himno-del-colegio\/","url_meta":{"origin":2619,"position":0},"title":"Himno del Colegio Italiano Santa Ana","author":"CISA","date":"17 de Mayo de 2024","format":false,"excerpt":"Himno Colegio Santa Ana CORO Colegio do transcurre nuestra vida serena, optimista y muy feliz Colegio de Santa Ana que nos muestras la ruta luminosa del saber. Santuario de Santa Ana que eres nido de Ciencia, de Virtud y del Saber tu formas el ambiente bendecido que templa nuestras almas\u2026","rel":"","context":"Entrada similar ","block_context":{"text":"Entrada similar ","link":""},"img":{"alt_text":"","src":"","width":0,"height":0},"classes":[]},{"id":2464,"url":"https:\/\/www.cisa-arica.cl\/wp1\/mision-y-vision\/","url_meta":{"origin":2619,"position":1},"title":"Misi\u00f3n y Visi\u00f3n","author":"CISA","date":"2 de Noviembre de 2016","format":false,"excerpt":"Misi\u00f3n Formar personas \u00edntegras a ejemplo de Mar\u00eda, Hija de Santa Ana, con una s\u00f3lida preparaci\u00f3n acad\u00e9mica, humana y espiritual, que les permita insertarse adecuadamente a la sociedad en los distintos niveles educacionales, con una conciencia cr\u00edtica y comprometida y con un profundo sentido social que las haga promotoras de\u2026","rel":"","context":"Entrada similar ","block_context":{"text":"Entrada similar ","link":""},"img":{"alt_text":"","src":"","width":0,"height":0},"classes":[]},{"id":30025,"url":"https:\/\/www.cisa-arica.cl\/wp1\/educacion-parvularia-2\/","url_meta":{"origin":2619,"position":2},"title":"EDUCACI\u00d3N PARVULARIA","author":"Marketing","date":"6 de Abril de 2026","format":false,"excerpt":"Coordinadora CRA: Marilyn Mercado NavarroEquipo: Educadoras: Katherine Gonz\u00e1lez Plaza, Paulina Mart\u00ednez Villegas, Jocelyn Rojas Mercado. T\u00e9cnicos:\u00a0 \u00a0 \u00a0 Sandra Jofr\u00e9 Gonz\u00e1lez, Angie Mar\u00edn Contreras. El nivel de Educaci\u00f3n Parvularia del Colegio Italiano Santa Ana de Arica comprende los niveles de Transici\u00f3n 1 y 2, orientados a brindar una formaci\u00f3n integral\u2026","rel":"","context":"Entrada similar ","block_context":{"text":"Entrada similar ","link":""},"img":{"alt_text":"","src":"https:\/\/i0.wp.com\/www.cisa-arica.cl\/wp1\/wp-content\/uploads\/2026\/04\/Ed.-Parvularia.png?resize=350%2C200&ssl=1","width":350,"height":200,"srcset":"https:\/\/i0.wp.com\/www.cisa-arica.cl\/wp1\/wp-content\/uploads\/2026\/04\/Ed.-Parvularia.png?resize=350%2C200&ssl=1 1x, https:\/\/i0.wp.com\/www.cisa-arica.cl\/wp1\/wp-content\/uploads\/2026\/04\/Ed.-Parvularia.png?resize=525%2C300&ssl=1 1.5x, https:\/\/i0.wp.com\/www.cisa-arica.cl\/wp1\/wp-content\/uploads\/2026\/04\/Ed.-Parvularia.png?resize=700%2C400&ssl=1 2x, https:\/\/i0.wp.com\/www.cisa-arica.cl\/wp1\/wp-content\/uploads\/2026\/04\/Ed.-Parvularia.png?resize=1050%2C600&ssl=1 3x"},"classes":[]},{"id":3097,"url":"https:\/\/www.cisa-arica.cl\/wp1\/actividades\/","url_meta":{"origin":2619,"position":3},"title":"Actividades","author":"CISA","date":"17 de Agosto de 2017","format":false,"excerpt":"Infancia Misionera Actividad de la academia de Infancia y Adolescencia Misionera \u00a0\"Cadena de mensajes\" realizadas ayer en el pase 21 de Mayo junto a su profesora Catherine Canario. Nuestros logros realizados durante el primer semestre: IM\u00c1GENES DE LO QUE FUE LA COPA CISA 2017.","rel":"","context":"Entrada similar ","block_context":{"text":"Entrada similar ","link":""},"img":{"alt_text":"","src":"","width":0,"height":0},"classes":[]}],"_links":{"self":[{"href":"https:\/\/www.cisa-arica.cl\/wp1\/wp-json\/wp\/v2\/pages\/2619","targetHints":{"allow":["GET"]}}],"collection":[{"href":"https:\/\/www.cisa-arica.cl\/wp1\/wp-json\/wp\/v2\/pages"}],"about":[{"href":"https:\/\/www.cisa-arica.cl\/wp1\/wp-json\/wp\/v2\/types\/page"}],"author":[{"embeddable":true,"href":"https:\/\/www.cisa-arica.cl\/wp1\/wp-json\/wp\/v2\/users\/1"}],"replies":[{"embeddable":true,"href":"https:\/\/www.cisa-arica.cl\/wp1\/wp-json\/wp\/v2\/comments?post=2619"}],"version-history":[{"count":9,"href":"https:\/\/www.cisa-arica.cl\/wp1\/wp-json\/wp\/v2\/pages\/2619\/revisions"}],"predecessor-version":[{"id":10321,"href":"https:\/\/www.cisa-arica.cl\/wp1\/wp-json\/wp\/v2\/pages\/2619\/revisions\/10321"}],"wp:attachment":[{"href":"https:\/\/www.cisa-arica.cl\/wp1\/wp-json\/wp\/v2\/media?parent=2619"}],"curies":[{"name":"wp","href":"https:\/\/api.w.org\/{rel}","templated":true}]}}