{"id":2486,"date":"2024-05-17T11:07:49","date_gmt":"2024-05-17T15:07:49","guid":{"rendered":"http:\/\/www.cisa-arica.cl\/wp1\/?page_id=2486"},"modified":"2026-04-08T16:00:36","modified_gmt":"2026-04-08T20:00:36","slug":"cra","status":"publish","type":"page","link":"https:\/\/www.cisa-arica.cl\/wp1\/cra\/","title":{"rendered":"CRA"},"content":{"rendered":"<p><strong>Centro de Recursos del Aprendizaje (CRA)\u00a0<\/strong><\/p>\n<p><strong>Coordinadora CRA:\u00a0<\/strong>Raquel \u00c1lvarez S\u00e1nchez<\/p>\n<p><strong>Equipo:\u00a0<\/strong>Elsa Ord\u00f3\u00f1ez L\u00f3pez<\/p>\n<p><span style=\"color: #808080;\"><strong>\u00a0 \u00a0 \u00a0 \u00a0 \u00a0 \u00a0 \u00a0 \u00a0 \u00a0 \u00a0 \u00a0 \u00a0 \u00a0 \u00a0 \u00a0 \u00a0 \u00a0 \u00a0 \u00a0 \u00a0 \u00a0 \u00a0 \u00a0 \u00a0 \u00a0 \u00a0 \u00a0 \u00a0 \u00a0 \u00a0 \u00a0 \u00a0 \u00a0 \u00a0 \u00a0 \u00a0 \u00a0 \u00a0 \u00a0 \u00a0 \u00a0 \u00a0 \u00a0 \u00a0 \u00a0 \u00a0 \u00a0 \u00a0 \u00a0 \u00a0 \u00a0 \u00a0 \u00a0 \u00a0 \u00a0 \u00a0 \u00a0 \u00a0 \u00a0 \u00a0 \u00a0 \u00a0 \u00a0 \u00a0 \u00a0 \u00a0 \u00a0 \u00a0 \u00a0 \u00a0 \u00a0 \u00a0 \u00a0 \u00a0 \u00a0 \u00a0 \u00a0 \u00a0 \u00a0 \u00a0 \u00a0 \u00a0 \u00a0 \u00a0 \u00a0 \u00a0 \u00a0 \u00a0 \u00a0 \u00a0 \u00a0 \u00a0 \u00a0 \u00a0 \u00a0 \u00a0 \u00a0 \u00a0 \u00a0 \u00a0 \u00a0 \u00a0 \u00a0 \u00a0 \u00a0 \u00a0 \u00a0 \u00a0 \u00a0 \u00a0 \u00a0 \u00a0 \u00a0 \u00a0 \u00a0 \u00a0 \u00a0 \u00a0 \u00a0 \u00a0 \u00a0 \u00a0 \u00a0 \u00a0 \u00a0 \u00a0 \u00a0 \u00a0 \u00a0 \u00a0 \u00a0 \u00a0 \u00a0 \u00a0 \u00a0 \u00a0 \u00a0 \u00a0 \u00a0<\/strong><\/span><\/p>\n<hr \/>\n\n\n<figure class=\"wp-block-gallery has-nested-images columns-default is-cropped wp-block-gallery-1 is-layout-flex wp-block-gallery-is-layout-flex\">\n<figure class=\"wp-block-image size-large\"><img loading=\"lazy\" decoding=\"async\" width=\"480\" height=\"600\" data-attachment-id=\"30005\" data-permalink=\"https:\/\/www.cisa-arica.cl\/wp1\/cra\/cra-2\/\" data-orig-file=\"https:\/\/www.cisa-arica.cl\/wp1\/wp-content\/uploads\/2026\/04\/CRA.png\" data-orig-size=\"1080,1350\" data-comments-opened=\"0\" data-image-meta=\"{&quot;aperture&quot;:&quot;0&quot;,&quot;credit&quot;:&quot;&quot;,&quot;camera&quot;:&quot;&quot;,&quot;caption&quot;:&quot;&quot;,&quot;created_timestamp&quot;:&quot;0&quot;,&quot;copyright&quot;:&quot;&quot;,&quot;focal_length&quot;:&quot;0&quot;,&quot;iso&quot;:&quot;0&quot;,&quot;shutter_speed&quot;:&quot;0&quot;,&quot;title&quot;:&quot;&quot;,&quot;orientation&quot;:&quot;0&quot;}\" data-image-title=\"CRA\" data-image-description=\"\" data-image-caption=\"\" data-large-file=\"https:\/\/www.cisa-arica.cl\/wp1\/wp-content\/uploads\/2026\/04\/CRA-480x600.png\" data-id=\"30005\" src=\"https:\/\/www.cisa-arica.cl\/wp1\/wp-content\/uploads\/2026\/04\/CRA-480x600.png\" alt=\"\" class=\"wp-image-30005\" srcset=\"https:\/\/www.cisa-arica.cl\/wp1\/wp-content\/uploads\/2026\/04\/CRA-480x600.png 480w, https:\/\/www.cisa-arica.cl\/wp1\/wp-content\/uploads\/2026\/04\/CRA-240x300.png 240w, https:\/\/www.cisa-arica.cl\/wp1\/wp-content\/uploads\/2026\/04\/CRA-768x960.png 768w, https:\/\/www.cisa-arica.cl\/wp1\/wp-content\/uploads\/2026\/04\/CRA.png 1080w\" sizes=\"auto, (max-width: 480px) 100vw, 480px\" \/><\/figure>\n\n\n\n<figure class=\"wp-block-image size-large\"><img loading=\"lazy\" decoding=\"async\" width=\"450\" height=\"600\" data-attachment-id=\"28034\" data-permalink=\"https:\/\/www.cisa-arica.cl\/wp1\/cra\/whatsapp-image-2025-03-30-at-1-27-49-am\/\" data-orig-file=\"https:\/\/www.cisa-arica.cl\/wp1\/wp-content\/uploads\/2025\/04\/WhatsApp-Image-2025-03-30-at-1.27.49-AM.jpeg\" data-orig-size=\"960,1280\" data-comments-opened=\"0\" data-image-meta=\"{&quot;aperture&quot;:&quot;0&quot;,&quot;credit&quot;:&quot;&quot;,&quot;camera&quot;:&quot;&quot;,&quot;caption&quot;:&quot;&quot;,&quot;created_timestamp&quot;:&quot;0&quot;,&quot;copyright&quot;:&quot;&quot;,&quot;focal_length&quot;:&quot;0&quot;,&quot;iso&quot;:&quot;0&quot;,&quot;shutter_speed&quot;:&quot;0&quot;,&quot;title&quot;:&quot;&quot;,&quot;orientation&quot;:&quot;0&quot;}\" data-image-title=\"WhatsApp-Image-2025-03-30-at-1.27.49-AM\" data-image-description=\"\" data-image-caption=\"\" data-large-file=\"https:\/\/www.cisa-arica.cl\/wp1\/wp-content\/uploads\/2025\/04\/WhatsApp-Image-2025-03-30-at-1.27.49-AM-450x600.jpeg\" data-id=\"28034\" src=\"https:\/\/www.cisa-arica.cl\/wp1\/wp-content\/uploads\/2025\/04\/WhatsApp-Image-2025-03-30-at-1.27.49-AM-450x600.jpeg\" alt=\"\" class=\"wp-image-28034\" srcset=\"https:\/\/www.cisa-arica.cl\/wp1\/wp-content\/uploads\/2025\/04\/WhatsApp-Image-2025-03-30-at-1.27.49-AM-450x600.jpeg 450w, https:\/\/www.cisa-arica.cl\/wp1\/wp-content\/uploads\/2025\/04\/WhatsApp-Image-2025-03-30-at-1.27.49-AM-225x300.jpeg 225w, https:\/\/www.cisa-arica.cl\/wp1\/wp-content\/uploads\/2025\/04\/WhatsApp-Image-2025-03-30-at-1.27.49-AM-768x1024.jpeg 768w, https:\/\/www.cisa-arica.cl\/wp1\/wp-content\/uploads\/2025\/04\/WhatsApp-Image-2025-03-30-at-1.27.49-AM.jpeg 960w\" sizes=\"auto, (max-width: 450px) 100vw, 450px\" \/><\/figure>\n\n\n\n<figure class=\"wp-block-image size-large\"><img loading=\"lazy\" decoding=\"async\" width=\"450\" height=\"600\" data-attachment-id=\"28033\" data-permalink=\"https:\/\/www.cisa-arica.cl\/wp1\/cra\/whatsapp-image-2025-03-30-at-1-27-49-am-2\/\" data-orig-file=\"https:\/\/www.cisa-arica.cl\/wp1\/wp-content\/uploads\/2025\/04\/WhatsApp-Image-2025-03-30-at-1.27.49-AM-2.jpeg\" data-orig-size=\"960,1280\" data-comments-opened=\"0\" data-image-meta=\"{&quot;aperture&quot;:&quot;0&quot;,&quot;credit&quot;:&quot;&quot;,&quot;camera&quot;:&quot;&quot;,&quot;caption&quot;:&quot;&quot;,&quot;created_timestamp&quot;:&quot;0&quot;,&quot;copyright&quot;:&quot;&quot;,&quot;focal_length&quot;:&quot;0&quot;,&quot;iso&quot;:&quot;0&quot;,&quot;shutter_speed&quot;:&quot;0&quot;,&quot;title&quot;:&quot;&quot;,&quot;orientation&quot;:&quot;0&quot;}\" data-image-title=\"WhatsApp-Image-2025-03-30-at-1.27.49-AM-2\" data-image-description=\"\" data-image-caption=\"\" data-large-file=\"https:\/\/www.cisa-arica.cl\/wp1\/wp-content\/uploads\/2025\/04\/WhatsApp-Image-2025-03-30-at-1.27.49-AM-2-450x600.jpeg\" data-id=\"28033\" src=\"https:\/\/www.cisa-arica.cl\/wp1\/wp-content\/uploads\/2025\/04\/WhatsApp-Image-2025-03-30-at-1.27.49-AM-2-450x600.jpeg\" alt=\"\" class=\"wp-image-28033\" srcset=\"https:\/\/www.cisa-arica.cl\/wp1\/wp-content\/uploads\/2025\/04\/WhatsApp-Image-2025-03-30-at-1.27.49-AM-2-450x600.jpeg 450w, https:\/\/www.cisa-arica.cl\/wp1\/wp-content\/uploads\/2025\/04\/WhatsApp-Image-2025-03-30-at-1.27.49-AM-2-225x300.jpeg 225w, https:\/\/www.cisa-arica.cl\/wp1\/wp-content\/uploads\/2025\/04\/WhatsApp-Image-2025-03-30-at-1.27.49-AM-2-768x1024.jpeg 768w, https:\/\/www.cisa-arica.cl\/wp1\/wp-content\/uploads\/2025\/04\/WhatsApp-Image-2025-03-30-at-1.27.49-AM-2.jpeg 960w\" sizes=\"auto, (max-width: 450px) 100vw, 450px\" \/><\/figure>\n\n\n\n<figure class=\"wp-block-image size-large\"><img loading=\"lazy\" decoding=\"async\" width=\"600\" height=\"450\" data-attachment-id=\"28035\" data-permalink=\"https:\/\/www.cisa-arica.cl\/wp1\/cra\/whatsapp-image-2025-03-30-at-1-27-50-am-1\/\" data-orig-file=\"https:\/\/www.cisa-arica.cl\/wp1\/wp-content\/uploads\/2025\/04\/WhatsApp-Image-2025-03-30-at-1.27.50-AM-1.jpeg\" data-orig-size=\"1280,960\" data-comments-opened=\"0\" data-image-meta=\"{&quot;aperture&quot;:&quot;0&quot;,&quot;credit&quot;:&quot;&quot;,&quot;camera&quot;:&quot;&quot;,&quot;caption&quot;:&quot;&quot;,&quot;created_timestamp&quot;:&quot;0&quot;,&quot;copyright&quot;:&quot;&quot;,&quot;focal_length&quot;:&quot;0&quot;,&quot;iso&quot;:&quot;0&quot;,&quot;shutter_speed&quot;:&quot;0&quot;,&quot;title&quot;:&quot;&quot;,&quot;orientation&quot;:&quot;0&quot;}\" data-image-title=\"WhatsApp-Image-2025-03-30-at-1.27.50-AM-1\" data-image-description=\"\" data-image-caption=\"\" data-large-file=\"https:\/\/www.cisa-arica.cl\/wp1\/wp-content\/uploads\/2025\/04\/WhatsApp-Image-2025-03-30-at-1.27.50-AM-1-600x450.jpeg\" data-id=\"28035\" src=\"https:\/\/www.cisa-arica.cl\/wp1\/wp-content\/uploads\/2025\/04\/WhatsApp-Image-2025-03-30-at-1.27.50-AM-1-600x450.jpeg\" alt=\"\" class=\"wp-image-28035\" srcset=\"https:\/\/www.cisa-arica.cl\/wp1\/wp-content\/uploads\/2025\/04\/WhatsApp-Image-2025-03-30-at-1.27.50-AM-1-600x450.jpeg 600w, https:\/\/www.cisa-arica.cl\/wp1\/wp-content\/uploads\/2025\/04\/WhatsApp-Image-2025-03-30-at-1.27.50-AM-1-300x225.jpeg 300w, https:\/\/www.cisa-arica.cl\/wp1\/wp-content\/uploads\/2025\/04\/WhatsApp-Image-2025-03-30-at-1.27.50-AM-1-768x576.jpeg 768w, https:\/\/www.cisa-arica.cl\/wp1\/wp-content\/uploads\/2025\/04\/WhatsApp-Image-2025-03-30-at-1.27.50-AM-1.jpeg 1280w\" sizes=\"auto, (max-width: 600px) 100vw, 600px\" \/><\/figure>\n\n\n\n<figure class=\"wp-block-image size-large\"><img loading=\"lazy\" decoding=\"async\" width=\"600\" height=\"450\" data-attachment-id=\"28036\" data-permalink=\"https:\/\/www.cisa-arica.cl\/wp1\/cra\/whatsapp-image-2025-03-30-at-1-27-50-am-2\/\" data-orig-file=\"https:\/\/www.cisa-arica.cl\/wp1\/wp-content\/uploads\/2025\/04\/WhatsApp-Image-2025-03-30-at-1.27.50-AM-2.jpeg\" data-orig-size=\"1280,960\" data-comments-opened=\"0\" data-image-meta=\"{&quot;aperture&quot;:&quot;0&quot;,&quot;credit&quot;:&quot;&quot;,&quot;camera&quot;:&quot;&quot;,&quot;caption&quot;:&quot;&quot;,&quot;created_timestamp&quot;:&quot;0&quot;,&quot;copyright&quot;:&quot;&quot;,&quot;focal_length&quot;:&quot;0&quot;,&quot;iso&quot;:&quot;0&quot;,&quot;shutter_speed&quot;:&quot;0&quot;,&quot;title&quot;:&quot;&quot;,&quot;orientation&quot;:&quot;0&quot;}\" data-image-title=\"WhatsApp-Image-2025-03-30-at-1.27.50-AM-2\" data-image-description=\"\" data-image-caption=\"\" data-large-file=\"https:\/\/www.cisa-arica.cl\/wp1\/wp-content\/uploads\/2025\/04\/WhatsApp-Image-2025-03-30-at-1.27.50-AM-2-600x450.jpeg\" data-id=\"28036\" src=\"https:\/\/www.cisa-arica.cl\/wp1\/wp-content\/uploads\/2025\/04\/WhatsApp-Image-2025-03-30-at-1.27.50-AM-2-600x450.jpeg\" alt=\"\" class=\"wp-image-28036\" srcset=\"https:\/\/www.cisa-arica.cl\/wp1\/wp-content\/uploads\/2025\/04\/WhatsApp-Image-2025-03-30-at-1.27.50-AM-2-600x450.jpeg 600w, https:\/\/www.cisa-arica.cl\/wp1\/wp-content\/uploads\/2025\/04\/WhatsApp-Image-2025-03-30-at-1.27.50-AM-2-300x225.jpeg 300w, https:\/\/www.cisa-arica.cl\/wp1\/wp-content\/uploads\/2025\/04\/WhatsApp-Image-2025-03-30-at-1.27.50-AM-2-768x576.jpeg 768w, https:\/\/www.cisa-arica.cl\/wp1\/wp-content\/uploads\/2025\/04\/WhatsApp-Image-2025-03-30-at-1.27.50-AM-2.jpeg 1280w\" sizes=\"auto, (max-width: 600px) 100vw, 600px\" \/><\/figure>\n\n\n\n<figure class=\"wp-block-image size-large\"><img loading=\"lazy\" decoding=\"async\" width=\"450\" height=\"600\" data-attachment-id=\"28046\" data-permalink=\"https:\/\/www.cisa-arica.cl\/wp1\/cra\/whatsapp-image-2025-04-04-at-8-55-07-am-1\/\" data-orig-file=\"https:\/\/www.cisa-arica.cl\/wp1\/wp-content\/uploads\/2025\/04\/WhatsApp-Image-2025-04-04-at-8.55.07-AM-1.jpeg\" data-orig-size=\"960,1280\" data-comments-opened=\"0\" data-image-meta=\"{&quot;aperture&quot;:&quot;0&quot;,&quot;credit&quot;:&quot;&quot;,&quot;camera&quot;:&quot;&quot;,&quot;caption&quot;:&quot;&quot;,&quot;created_timestamp&quot;:&quot;0&quot;,&quot;copyright&quot;:&quot;&quot;,&quot;focal_length&quot;:&quot;0&quot;,&quot;iso&quot;:&quot;0&quot;,&quot;shutter_speed&quot;:&quot;0&quot;,&quot;title&quot;:&quot;&quot;,&quot;orientation&quot;:&quot;0&quot;}\" data-image-title=\"WhatsApp-Image-2025-04-04-at-8.55.07-AM-1\" data-image-description=\"\" data-image-caption=\"\" data-large-file=\"https:\/\/www.cisa-arica.cl\/wp1\/wp-content\/uploads\/2025\/04\/WhatsApp-Image-2025-04-04-at-8.55.07-AM-1-450x600.jpeg\" data-id=\"28046\" src=\"https:\/\/www.cisa-arica.cl\/wp1\/wp-content\/uploads\/2025\/04\/WhatsApp-Image-2025-04-04-at-8.55.07-AM-1-450x600.jpeg\" alt=\"\" class=\"wp-image-28046\" srcset=\"https:\/\/www.cisa-arica.cl\/wp1\/wp-content\/uploads\/2025\/04\/WhatsApp-Image-2025-04-04-at-8.55.07-AM-1-450x600.jpeg 450w, https:\/\/www.cisa-arica.cl\/wp1\/wp-content\/uploads\/2025\/04\/WhatsApp-Image-2025-04-04-at-8.55.07-AM-1-225x300.jpeg 225w, https:\/\/www.cisa-arica.cl\/wp1\/wp-content\/uploads\/2025\/04\/WhatsApp-Image-2025-04-04-at-8.55.07-AM-1-768x1024.jpeg 768w, https:\/\/www.cisa-arica.cl\/wp1\/wp-content\/uploads\/2025\/04\/WhatsApp-Image-2025-04-04-at-8.55.07-AM-1.jpeg 960w\" sizes=\"auto, (max-width: 450px) 100vw, 450px\" \/><\/figure>\n\n\n\n<figure class=\"wp-block-image size-large\"><img loading=\"lazy\" decoding=\"async\" width=\"450\" height=\"600\" data-attachment-id=\"28038\" data-permalink=\"https:\/\/www.cisa-arica.cl\/wp1\/cra\/whatsapp-image-2025-03-30-at-1-27-50-am-5\/\" data-orig-file=\"https:\/\/www.cisa-arica.cl\/wp1\/wp-content\/uploads\/2025\/04\/WhatsApp-Image-2025-03-30-at-1.27.50-AM-5.jpeg\" data-orig-size=\"960,1280\" data-comments-opened=\"0\" data-image-meta=\"{&quot;aperture&quot;:&quot;0&quot;,&quot;credit&quot;:&quot;&quot;,&quot;camera&quot;:&quot;&quot;,&quot;caption&quot;:&quot;&quot;,&quot;created_timestamp&quot;:&quot;0&quot;,&quot;copyright&quot;:&quot;&quot;,&quot;focal_length&quot;:&quot;0&quot;,&quot;iso&quot;:&quot;0&quot;,&quot;shutter_speed&quot;:&quot;0&quot;,&quot;title&quot;:&quot;&quot;,&quot;orientation&quot;:&quot;0&quot;}\" data-image-title=\"WhatsApp-Image-2025-03-30-at-1.27.50-AM-5\" data-image-description=\"\" data-image-caption=\"\" data-large-file=\"https:\/\/www.cisa-arica.cl\/wp1\/wp-content\/uploads\/2025\/04\/WhatsApp-Image-2025-03-30-at-1.27.50-AM-5-450x600.jpeg\" data-id=\"28038\" src=\"https:\/\/www.cisa-arica.cl\/wp1\/wp-content\/uploads\/2025\/04\/WhatsApp-Image-2025-03-30-at-1.27.50-AM-5-450x600.jpeg\" alt=\"\" class=\"wp-image-28038\" srcset=\"https:\/\/www.cisa-arica.cl\/wp1\/wp-content\/uploads\/2025\/04\/WhatsApp-Image-2025-03-30-at-1.27.50-AM-5-450x600.jpeg 450w, https:\/\/www.cisa-arica.cl\/wp1\/wp-content\/uploads\/2025\/04\/WhatsApp-Image-2025-03-30-at-1.27.50-AM-5-225x300.jpeg 225w, https:\/\/www.cisa-arica.cl\/wp1\/wp-content\/uploads\/2025\/04\/WhatsApp-Image-2025-03-30-at-1.27.50-AM-5-768x1024.jpeg 768w, https:\/\/www.cisa-arica.cl\/wp1\/wp-content\/uploads\/2025\/04\/WhatsApp-Image-2025-03-30-at-1.27.50-AM-5.jpeg 960w\" sizes=\"auto, (max-width: 450px) 100vw, 450px\" \/><\/figure>\n\n\n\n<figure class=\"wp-block-image size-large\"><img loading=\"lazy\" decoding=\"async\" width=\"450\" height=\"600\" data-attachment-id=\"28039\" data-permalink=\"https:\/\/www.cisa-arica.cl\/wp1\/cra\/whatsapp-image-2025-03-30-at-1-27-50-am-6\/\" data-orig-file=\"https:\/\/www.cisa-arica.cl\/wp1\/wp-content\/uploads\/2025\/04\/WhatsApp-Image-2025-03-30-at-1.27.50-AM-6.jpeg\" data-orig-size=\"960,1280\" data-comments-opened=\"0\" data-image-meta=\"{&quot;aperture&quot;:&quot;0&quot;,&quot;credit&quot;:&quot;&quot;,&quot;camera&quot;:&quot;&quot;,&quot;caption&quot;:&quot;&quot;,&quot;created_timestamp&quot;:&quot;0&quot;,&quot;copyright&quot;:&quot;&quot;,&quot;focal_length&quot;:&quot;0&quot;,&quot;iso&quot;:&quot;0&quot;,&quot;shutter_speed&quot;:&quot;0&quot;,&quot;title&quot;:&quot;&quot;,&quot;orientation&quot;:&quot;0&quot;}\" data-image-title=\"WhatsApp-Image-2025-03-30-at-1.27.50-AM-6\" data-image-description=\"\" data-image-caption=\"\" data-large-file=\"https:\/\/www.cisa-arica.cl\/wp1\/wp-content\/uploads\/2025\/04\/WhatsApp-Image-2025-03-30-at-1.27.50-AM-6-450x600.jpeg\" data-id=\"28039\" src=\"https:\/\/www.cisa-arica.cl\/wp1\/wp-content\/uploads\/2025\/04\/WhatsApp-Image-2025-03-30-at-1.27.50-AM-6-450x600.jpeg\" alt=\"\" class=\"wp-image-28039\" srcset=\"https:\/\/www.cisa-arica.cl\/wp1\/wp-content\/uploads\/2025\/04\/WhatsApp-Image-2025-03-30-at-1.27.50-AM-6-450x600.jpeg 450w, https:\/\/www.cisa-arica.cl\/wp1\/wp-content\/uploads\/2025\/04\/WhatsApp-Image-2025-03-30-at-1.27.50-AM-6-225x300.jpeg 225w, https:\/\/www.cisa-arica.cl\/wp1\/wp-content\/uploads\/2025\/04\/WhatsApp-Image-2025-03-30-at-1.27.50-AM-6-768x1024.jpeg 768w, https:\/\/www.cisa-arica.cl\/wp1\/wp-content\/uploads\/2025\/04\/WhatsApp-Image-2025-03-30-at-1.27.50-AM-6.jpeg 960w\" sizes=\"auto, (max-width: 450px) 100vw, 450px\" \/><\/figure>\n\n\n\n<figure class=\"wp-block-image size-large\"><img loading=\"lazy\" decoding=\"async\" width=\"450\" height=\"600\" data-attachment-id=\"28047\" data-permalink=\"https:\/\/www.cisa-arica.cl\/wp1\/cra\/whatsapp-image-2025-04-04-at-8-55-01-am-2\/\" data-orig-file=\"https:\/\/www.cisa-arica.cl\/wp1\/wp-content\/uploads\/2025\/04\/WhatsApp-Image-2025-04-04-at-8.55.01-AM-2.jpeg\" data-orig-size=\"960,1280\" data-comments-opened=\"0\" data-image-meta=\"{&quot;aperture&quot;:&quot;0&quot;,&quot;credit&quot;:&quot;&quot;,&quot;camera&quot;:&quot;&quot;,&quot;caption&quot;:&quot;&quot;,&quot;created_timestamp&quot;:&quot;0&quot;,&quot;copyright&quot;:&quot;&quot;,&quot;focal_length&quot;:&quot;0&quot;,&quot;iso&quot;:&quot;0&quot;,&quot;shutter_speed&quot;:&quot;0&quot;,&quot;title&quot;:&quot;&quot;,&quot;orientation&quot;:&quot;0&quot;}\" data-image-title=\"WhatsApp-Image-2025-04-04-at-8.55.01-AM-2\" data-image-description=\"\" data-image-caption=\"\" data-large-file=\"https:\/\/www.cisa-arica.cl\/wp1\/wp-content\/uploads\/2025\/04\/WhatsApp-Image-2025-04-04-at-8.55.01-AM-2-450x600.jpeg\" data-id=\"28047\" src=\"https:\/\/www.cisa-arica.cl\/wp1\/wp-content\/uploads\/2025\/04\/WhatsApp-Image-2025-04-04-at-8.55.01-AM-2-450x600.jpeg\" alt=\"\" class=\"wp-image-28047\" srcset=\"https:\/\/www.cisa-arica.cl\/wp1\/wp-content\/uploads\/2025\/04\/WhatsApp-Image-2025-04-04-at-8.55.01-AM-2-450x600.jpeg 450w, https:\/\/www.cisa-arica.cl\/wp1\/wp-content\/uploads\/2025\/04\/WhatsApp-Image-2025-04-04-at-8.55.01-AM-2-225x300.jpeg 225w, https:\/\/www.cisa-arica.cl\/wp1\/wp-content\/uploads\/2025\/04\/WhatsApp-Image-2025-04-04-at-8.55.01-AM-2-768x1024.jpeg 768w, https:\/\/www.cisa-arica.cl\/wp1\/wp-content\/uploads\/2025\/04\/WhatsApp-Image-2025-04-04-at-8.55.01-AM-2.jpeg 960w\" sizes=\"auto, (max-width: 450px) 100vw, 450px\" \/><\/figure>\n<\/figure>\n\n\n\n<figure class=\"wp-block-image size-large is-resized\"><img loading=\"lazy\" decoding=\"async\" width=\"600\" height=\"450\" data-attachment-id=\"28041\" data-permalink=\"https:\/\/www.cisa-arica.cl\/wp1\/cra\/whatsapp-image-2025-03-30-at-1-27-50-am-8\/\" data-orig-file=\"https:\/\/www.cisa-arica.cl\/wp1\/wp-content\/uploads\/2025\/04\/WhatsApp-Image-2025-03-30-at-1.27.50-AM-8.jpeg\" data-orig-size=\"1280,960\" data-comments-opened=\"0\" data-image-meta=\"{&quot;aperture&quot;:&quot;0&quot;,&quot;credit&quot;:&quot;&quot;,&quot;camera&quot;:&quot;&quot;,&quot;caption&quot;:&quot;&quot;,&quot;created_timestamp&quot;:&quot;0&quot;,&quot;copyright&quot;:&quot;&quot;,&quot;focal_length&quot;:&quot;0&quot;,&quot;iso&quot;:&quot;0&quot;,&quot;shutter_speed&quot;:&quot;0&quot;,&quot;title&quot;:&quot;&quot;,&quot;orientation&quot;:&quot;0&quot;}\" data-image-title=\"WhatsApp-Image-2025-03-30-at-1.27.50-AM-8\" data-image-description=\"\" data-image-caption=\"\" data-large-file=\"https:\/\/www.cisa-arica.cl\/wp1\/wp-content\/uploads\/2025\/04\/WhatsApp-Image-2025-03-30-at-1.27.50-AM-8-600x450.jpeg\" src=\"https:\/\/www.cisa-arica.cl\/wp1\/wp-content\/uploads\/2025\/04\/WhatsApp-Image-2025-03-30-at-1.27.50-AM-8-600x450.jpeg\" alt=\"\" class=\"wp-image-28041\" style=\"width:353px;height:265px\" srcset=\"https:\/\/www.cisa-arica.cl\/wp1\/wp-content\/uploads\/2025\/04\/WhatsApp-Image-2025-03-30-at-1.27.50-AM-8-600x450.jpeg 600w, https:\/\/www.cisa-arica.cl\/wp1\/wp-content\/uploads\/2025\/04\/WhatsApp-Image-2025-03-30-at-1.27.50-AM-8-300x225.jpeg 300w, https:\/\/www.cisa-arica.cl\/wp1\/wp-content\/uploads\/2025\/04\/WhatsApp-Image-2025-03-30-at-1.27.50-AM-8-768x576.jpeg 768w, https:\/\/www.cisa-arica.cl\/wp1\/wp-content\/uploads\/2025\/04\/WhatsApp-Image-2025-03-30-at-1.27.50-AM-8.jpeg 1280w\" sizes=\"auto, (max-width: 600px) 100vw, 600px\" \/><\/figure>\n","protected":false},"excerpt":{"rendered":"<p>Centro de Recursos del Aprendizaje (CRA)\u00a0 Coordinadora CRA:\u00a0Raquel \u00c1lvarez S\u00e1nchez Equipo:\u00a0Elsa Ord\u00f3\u00f1ez L\u00f3pez \u00a0 \u00a0 \u00a0 \u00a0 \u00a0 \u00a0 \u00a0 \u00a0 \u00a0 \u00a0 \u00a0 \u00a0 \u00a0 \u00a0 \u00a0 \u00a0 \u00a0 \u00a0 \u00a0 \u00a0 \u00a0 \u00a0 \u00a0 \u00a0 \u00a0 \u00a0 \u00a0 \u00a0 \u00a0 \u00a0 \u00a0 \u00a0 \u00a0 \u00a0 \u00a0 \u00a0 \u00a0 \u00a0 \u00a0 \u00a0 \u00a0 \u00a0 <a class=\"read-more\" href=\"https:\/\/www.cisa-arica.cl\/wp1\/cra\/\">Continuar leyendo<\/a><\/p>\n","protected":false},"author":1,"featured_media":30005,"parent":0,"menu_order":0,"comment_status":"closed","ping_status":"closed","template":"template-full-width.php","meta":{"footnotes":""},"class_list":["post-2486","page","type-page","status-publish","has-post-thumbnail","hentry"],"jetpack_sharing_enabled":true,"jetpack_shortlink":"https:\/\/wp.me\/P84wcz-E6","jetpack-related-posts":[{"id":30025,"url":"https:\/\/www.cisa-arica.cl\/wp1\/educacion-parvularia-2\/","url_meta":{"origin":2486,"position":0},"title":"EDUCACI\u00d3N PARVULARIA","author":"Marketing","date":"6 de Abril de 2026","format":false,"excerpt":"Coordinadora CRA: Marilyn Mercado NavarroEquipo: Educadoras: Katherine Gonz\u00e1lez Plaza, Paulina Mart\u00ednez Villegas, Jocelyn Rojas Mercado. T\u00e9cnicos:\u00a0 \u00a0 \u00a0 Sandra Jofr\u00e9 Gonz\u00e1lez, Angie Mar\u00edn Contreras. El nivel de Educaci\u00f3n Parvularia del Colegio Italiano Santa Ana de Arica comprende los niveles de Transici\u00f3n 1 y 2, orientados a brindar una formaci\u00f3n integral\u2026","rel":"","context":"Entrada similar ","block_context":{"text":"Entrada similar ","link":""},"img":{"alt_text":"","src":"https:\/\/i0.wp.com\/www.cisa-arica.cl\/wp1\/wp-content\/uploads\/2026\/04\/Ed.-Parvularia.png?resize=350%2C200&ssl=1","width":350,"height":200,"srcset":"https:\/\/i0.wp.com\/www.cisa-arica.cl\/wp1\/wp-content\/uploads\/2026\/04\/Ed.-Parvularia.png?resize=350%2C200&ssl=1 1x, https:\/\/i0.wp.com\/www.cisa-arica.cl\/wp1\/wp-content\/uploads\/2026\/04\/Ed.-Parvularia.png?resize=525%2C300&ssl=1 1.5x, https:\/\/i0.wp.com\/www.cisa-arica.cl\/wp1\/wp-content\/uploads\/2026\/04\/Ed.-Parvularia.png?resize=700%2C400&ssl=1 2x, https:\/\/i0.wp.com\/www.cisa-arica.cl\/wp1\/wp-content\/uploads\/2026\/04\/Ed.-Parvularia.png?resize=1050%2C600&ssl=1 3x"},"classes":[]}],"_links":{"self":[{"href":"https:\/\/www.cisa-arica.cl\/wp1\/wp-json\/wp\/v2\/pages\/2486","targetHints":{"allow":["GET"]}}],"collection":[{"href":"https:\/\/www.cisa-arica.cl\/wp1\/wp-json\/wp\/v2\/pages"}],"about":[{"href":"https:\/\/www.cisa-arica.cl\/wp1\/wp-json\/wp\/v2\/types\/page"}],"author":[{"embeddable":true,"href":"https:\/\/www.cisa-arica.cl\/wp1\/wp-json\/wp\/v2\/users\/1"}],"replies":[{"embeddable":true,"href":"https:\/\/www.cisa-arica.cl\/wp1\/wp-json\/wp\/v2\/comments?post=2486"}],"version-history":[{"count":25,"href":"https:\/\/www.cisa-arica.cl\/wp1\/wp-json\/wp\/v2\/pages\/2486\/revisions"}],"predecessor-version":[{"id":30048,"href":"https:\/\/www.cisa-arica.cl\/wp1\/wp-json\/wp\/v2\/pages\/2486\/revisions\/30048"}],"wp:featuredmedia":[{"embeddable":true,"href":"https:\/\/www.cisa-arica.cl\/wp1\/wp-json\/wp\/v2\/media\/30005"}],"wp:attachment":[{"href":"https:\/\/www.cisa-arica.cl\/wp1\/wp-json\/wp\/v2\/media?parent=2486"}],"curies":[{"name":"wp","href":"https:\/\/api.w.org\/{rel}","templated":true}]}}