{"id":2479,"date":"2016-11-02T18:02:32","date_gmt":"2016-11-02T18:02:32","guid":{"rendered":"http:\/\/www.cisa-arica.cl\/wp1\/?page_id=2479"},"modified":"2019-08-12T15:16:36","modified_gmt":"2019-08-12T15:16:36","slug":"equipo-directivo","status":"publish","type":"page","link":"https:\/\/www.cisa-arica.cl\/wp1\/equipo-directivo\/","title":{"rendered":"Equipo Directivo"},"content":{"rendered":"<h2 style=\"text-align: center;\"><span style=\"color: #800000;\">Equipo Directivo<\/span><\/h2>\n<p style=\"text-align: center;\"><a href=\"http:\/\/www.cisa-arica.cl\/wp1\/wp-content\/uploads\/2019\/08\/EQUIPO-DIRECTIVO-2019.jpg\"><img loading=\"lazy\" decoding=\"async\" data-attachment-id=\"8477\" data-permalink=\"https:\/\/www.cisa-arica.cl\/wp1\/equipo-directivo\/equipo-directivo-2019\/\" data-orig-file=\"https:\/\/www.cisa-arica.cl\/wp1\/wp-content\/uploads\/2019\/08\/EQUIPO-DIRECTIVO-2019.jpg\" data-orig-size=\"1701,1127\" data-comments-opened=\"0\" data-image-meta=\"{&quot;aperture&quot;:&quot;0&quot;,&quot;credit&quot;:&quot;&quot;,&quot;camera&quot;:&quot;&quot;,&quot;caption&quot;:&quot;&quot;,&quot;created_timestamp&quot;:&quot;0&quot;,&quot;copyright&quot;:&quot;&quot;,&quot;focal_length&quot;:&quot;0&quot;,&quot;iso&quot;:&quot;0&quot;,&quot;shutter_speed&quot;:&quot;0&quot;,&quot;title&quot;:&quot;&quot;,&quot;orientation&quot;:&quot;1&quot;}\" data-image-title=\"EQUIPO DIRECTIVO 2019\" data-image-description=\"\" data-image-caption=\"\" data-large-file=\"https:\/\/www.cisa-arica.cl\/wp1\/wp-content\/uploads\/2019\/08\/EQUIPO-DIRECTIVO-2019-600x398.jpg\" class=\"aligncenter size-full wp-image-8477\" src=\"http:\/\/www.cisa-arica.cl\/wp1\/wp-content\/uploads\/2019\/08\/EQUIPO-DIRECTIVO-2019.jpg\" alt=\"\" width=\"1701\" height=\"1127\" srcset=\"https:\/\/www.cisa-arica.cl\/wp1\/wp-content\/uploads\/2019\/08\/EQUIPO-DIRECTIVO-2019.jpg 1701w, https:\/\/www.cisa-arica.cl\/wp1\/wp-content\/uploads\/2019\/08\/EQUIPO-DIRECTIVO-2019-300x199.jpg 300w, https:\/\/www.cisa-arica.cl\/wp1\/wp-content\/uploads\/2019\/08\/EQUIPO-DIRECTIVO-2019-768x509.jpg 768w, https:\/\/www.cisa-arica.cl\/wp1\/wp-content\/uploads\/2019\/08\/EQUIPO-DIRECTIVO-2019-600x398.jpg 600w\" sizes=\"auto, (max-width: 1701px) 100vw, 1701px\" \/><\/a><\/p>\n<p style=\"text-align: center;\"><span style=\"color: #008080;\"><a href=\"http:\/\/www.cisa-arica.cl\/wp1\/wp-content\/uploads\/2016\/11\/EQUIPO-DIRECTIVO.jpg\"><img loading=\"lazy\" decoding=\"async\" class=\"aligncenter size-full wp-image-3930\" src=\"http:\/\/www.cisa-arica.cl\/wp1\/wp-content\/uploads\/2016\/11\/EQUIPO-DIRECTIVO.jpg\" alt=\"\" width=\"1701\" height=\"1127\" \/><\/a><\/span><\/p>\n","protected":false},"excerpt":{"rendered":"<p>Equipo Directivo<\/p>\n","protected":false},"author":1,"featured_media":0,"parent":0,"menu_order":0,"comment_status":"closed","ping_status":"closed","template":"template-full-width.php","meta":{"footnotes":""},"class_list":["post-2479","page","type-page","status-publish","hentry"],"jetpack_sharing_enabled":true,"jetpack_shortlink":"https:\/\/wp.me\/P84wcz-DZ","jetpack-related-posts":[{"id":2486,"url":"https:\/\/www.cisa-arica.cl\/wp1\/cra\/","url_meta":{"origin":2479,"position":0},"title":"CRA","author":"CISA","date":"17 de Mayo de 2024","format":false,"excerpt":"Centro de Recursos del Aprendizaje (CRA)\u00a0 Coordinadora CRA:\u00a0Raquel \u00c1lvarez S\u00e1nchez Equipo:\u00a0Elsa Ord\u00f3\u00f1ez L\u00f3pez \u00a0 \u00a0 \u00a0 \u00a0 \u00a0 \u00a0 \u00a0 \u00a0 \u00a0 \u00a0 \u00a0 \u00a0 \u00a0 \u00a0 \u00a0 \u00a0 \u00a0 \u00a0 \u00a0 \u00a0 \u00a0 \u00a0 \u00a0 \u00a0 \u00a0 \u00a0 \u00a0 \u00a0 \u00a0 \u00a0 \u00a0 \u00a0 \u00a0 \u00a0 \u00a0 \u00a0 \u00a0\u2026","rel":"","context":"Entrada similar ","block_context":{"text":"Entrada similar ","link":""},"img":{"alt_text":"","src":"https:\/\/i0.wp.com\/www.cisa-arica.cl\/wp1\/wp-content\/uploads\/2026\/04\/CRA.png?resize=350%2C200&ssl=1","width":350,"height":200,"srcset":"https:\/\/i0.wp.com\/www.cisa-arica.cl\/wp1\/wp-content\/uploads\/2026\/04\/CRA.png?resize=350%2C200&ssl=1 1x, https:\/\/i0.wp.com\/www.cisa-arica.cl\/wp1\/wp-content\/uploads\/2026\/04\/CRA.png?resize=525%2C300&ssl=1 1.5x, https:\/\/i0.wp.com\/www.cisa-arica.cl\/wp1\/wp-content\/uploads\/2026\/04\/CRA.png?resize=700%2C400&ssl=1 2x, https:\/\/i0.wp.com\/www.cisa-arica.cl\/wp1\/wp-content\/uploads\/2026\/04\/CRA.png?resize=1050%2C600&ssl=1 3x"},"classes":[]},{"id":30040,"url":"https:\/\/www.cisa-arica.cl\/wp1\/convivencia-escolar-2\/","url_meta":{"origin":2479,"position":1},"title":"Convivencia Escolar","author":"Marketing","date":"7 de Abril de 2026","format":false,"excerpt":"Coordinadora Convivencia: Fernanda Vald\u00e9s S\u00e1nchezEquipo: Cristina Ord\u00f3\u00f1ez Miranda - Patricia Vera Ayca\u00a0","rel":"","context":"Entrada similar ","block_context":{"text":"Entrada similar ","link":""},"img":{"alt_text":"","src":"https:\/\/i0.wp.com\/www.cisa-arica.cl\/wp1\/wp-content\/uploads\/2026\/04\/Convivencia-Escolar.png?resize=350%2C200&ssl=1","width":350,"height":200,"srcset":"https:\/\/i0.wp.com\/www.cisa-arica.cl\/wp1\/wp-content\/uploads\/2026\/04\/Convivencia-Escolar.png?resize=350%2C200&ssl=1 1x, https:\/\/i0.wp.com\/www.cisa-arica.cl\/wp1\/wp-content\/uploads\/2026\/04\/Convivencia-Escolar.png?resize=525%2C300&ssl=1 1.5x, https:\/\/i0.wp.com\/www.cisa-arica.cl\/wp1\/wp-content\/uploads\/2026\/04\/Convivencia-Escolar.png?resize=700%2C400&ssl=1 2x, https:\/\/i0.wp.com\/www.cisa-arica.cl\/wp1\/wp-content\/uploads\/2026\/04\/Convivencia-Escolar.png?resize=1050%2C600&ssl=1 3x"},"classes":[]},{"id":2942,"url":"https:\/\/www.cisa-arica.cl\/wp1\/convivencia-escolar\/","url_meta":{"origin":2479,"position":2},"title":"CONVIVENCIA ESCOLAR","author":"CISA","date":"26 de Abril de 2017","format":false,"excerpt":"Coordinadora Convivencia: Fernanda Vald\u00e9s S\u00e1nchez Equipo: Cristina Ord\u00f3\u00f1ez Miranda - Patricia Vera Ayca\u00a0 \u00a0 \u00a0 \u00a0 \u00a0 RICE 2026\u00a0 DESCARGAR\u00a0 \u00a0 \u00a0 \u00a0 \u00a0 \u00a0 \u00a0 \u00a0 \u00a0 \u00a0 \u00a0 \u00a0 \u00a0 \u00a0 \u00a0 \u00a0 \u00a0 \u00a0 \u00a0 \u00a0 \u00a0 \u00a0 \u00a0 \u00a0 \u00a0\u00a0 \u00a0","rel":"","context":"Entrada similar ","block_context":{"text":"Entrada similar ","link":""},"img":{"alt_text":"","src":"https:\/\/i0.wp.com\/www.cisa-arica.cl\/wp1\/wp-content\/uploads\/2026\/04\/Convivencia-Escolar-240x300.png?resize=350%2C200","width":350,"height":200},"classes":[]},{"id":30031,"url":"https:\/\/www.cisa-arica.cl\/wp1\/inspectoria\/","url_meta":{"origin":2479,"position":3},"title":"Inspector\u00eda","author":"Marketing","date":"7 de Abril de 2026","format":false,"excerpt":"Inspectora General: Andrea Torres Vel\u00e1squezEquipo:\u00a0 Bernardita Denegri Araya, Laura Espinosa Albornoz, Jeanette Mart\u00ednez Mansilla, Ximena Ojeda Ojeda, Elizabeth Ram\u00edrez Chang, Mar\u00eda Ricaldi Sarmiento, Elinor R\u00edos L\u00f3pez, Amalia Torres Becerra.","rel":"","context":"Entrada similar ","block_context":{"text":"Entrada similar ","link":""},"img":{"alt_text":"","src":"https:\/\/i0.wp.com\/www.cisa-arica.cl\/wp1\/wp-content\/uploads\/2026\/04\/Inspectoras.png?resize=350%2C200&ssl=1","width":350,"height":200,"srcset":"https:\/\/i0.wp.com\/www.cisa-arica.cl\/wp1\/wp-content\/uploads\/2026\/04\/Inspectoras.png?resize=350%2C200&ssl=1 1x, https:\/\/i0.wp.com\/www.cisa-arica.cl\/wp1\/wp-content\/uploads\/2026\/04\/Inspectoras.png?resize=525%2C300&ssl=1 1.5x, https:\/\/i0.wp.com\/www.cisa-arica.cl\/wp1\/wp-content\/uploads\/2026\/04\/Inspectoras.png?resize=700%2C400&ssl=1 2x, https:\/\/i0.wp.com\/www.cisa-arica.cl\/wp1\/wp-content\/uploads\/2026\/04\/Inspectoras.png?resize=1050%2C600&ssl=1 3x"},"classes":[]},{"id":30025,"url":"https:\/\/www.cisa-arica.cl\/wp1\/educacion-parvularia-2\/","url_meta":{"origin":2479,"position":4},"title":"EDUCACI\u00d3N PARVULARIA","author":"Marketing","date":"6 de Abril de 2026","format":false,"excerpt":"Coordinadora CRA: Marilyn Mercado NavarroEquipo: Educadoras: Katherine Gonz\u00e1lez Plaza, Paulina Mart\u00ednez Villegas, Jocelyn Rojas Mercado. T\u00e9cnicos:\u00a0 \u00a0 \u00a0 Sandra Jofr\u00e9 Gonz\u00e1lez, Angie Mar\u00edn Contreras. El nivel de Educaci\u00f3n Parvularia del Colegio Italiano Santa Ana de Arica comprende los niveles de Transici\u00f3n 1 y 2, orientados a brindar una formaci\u00f3n integral\u2026","rel":"","context":"Entrada similar ","block_context":{"text":"Entrada similar ","link":""},"img":{"alt_text":"","src":"https:\/\/i0.wp.com\/www.cisa-arica.cl\/wp1\/wp-content\/uploads\/2026\/04\/Ed.-Parvularia.png?resize=350%2C200&ssl=1","width":350,"height":200,"srcset":"https:\/\/i0.wp.com\/www.cisa-arica.cl\/wp1\/wp-content\/uploads\/2026\/04\/Ed.-Parvularia.png?resize=350%2C200&ssl=1 1x, https:\/\/i0.wp.com\/www.cisa-arica.cl\/wp1\/wp-content\/uploads\/2026\/04\/Ed.-Parvularia.png?resize=525%2C300&ssl=1 1.5x, https:\/\/i0.wp.com\/www.cisa-arica.cl\/wp1\/wp-content\/uploads\/2026\/04\/Ed.-Parvularia.png?resize=700%2C400&ssl=1 2x, https:\/\/i0.wp.com\/www.cisa-arica.cl\/wp1\/wp-content\/uploads\/2026\/04\/Ed.-Parvularia.png?resize=1050%2C600&ssl=1 3x"},"classes":[]}],"_links":{"self":[{"href":"https:\/\/www.cisa-arica.cl\/wp1\/wp-json\/wp\/v2\/pages\/2479","targetHints":{"allow":["GET"]}}],"collection":[{"href":"https:\/\/www.cisa-arica.cl\/wp1\/wp-json\/wp\/v2\/pages"}],"about":[{"href":"https:\/\/www.cisa-arica.cl\/wp1\/wp-json\/wp\/v2\/types\/page"}],"author":[{"embeddable":true,"href":"https:\/\/www.cisa-arica.cl\/wp1\/wp-json\/wp\/v2\/users\/1"}],"replies":[{"embeddable":true,"href":"https:\/\/www.cisa-arica.cl\/wp1\/wp-json\/wp\/v2\/comments?post=2479"}],"version-history":[{"count":9,"href":"https:\/\/www.cisa-arica.cl\/wp1\/wp-json\/wp\/v2\/pages\/2479\/revisions"}],"predecessor-version":[{"id":28874,"href":"https:\/\/www.cisa-arica.cl\/wp1\/wp-json\/wp\/v2\/pages\/2479\/revisions\/28874"}],"wp:attachment":[{"href":"https:\/\/www.cisa-arica.cl\/wp1\/wp-json\/wp\/v2\/media?parent=2479"}],"curies":[{"name":"wp","href":"https:\/\/api.w.org\/{rel}","templated":true}]}}