{"id":2464,"date":"2016-11-02T15:21:38","date_gmt":"2016-11-02T15:21:38","guid":{"rendered":"http:\/\/www.cisa-arica.cl\/wp1\/?page_id=2464"},"modified":"2026-03-27T08:19:04","modified_gmt":"2026-03-27T12:19:04","slug":"mision-y-vision","status":"publish","type":"page","link":"https:\/\/www.cisa-arica.cl\/wp1\/mision-y-vision\/","title":{"rendered":"Misi\u00f3n y Visi\u00f3n"},"content":{"rendered":"<p><strong>Misi\u00f3n<\/strong><\/p>\n<p>Formar personas \u00edntegras a ejemplo de Mar\u00eda, Hija de Santa Ana, con una s\u00f3lida preparaci\u00f3n acad\u00e9mica, humana y espiritual, que les permita insertarse adecuadamente a la sociedad en los distintos niveles educacionales, con una conciencia cr\u00edtica y comprometida y con un profundo sentido social que las haga promotoras de los valores de la Paz, la Justicia y el Respeto; como art\u00edfices de un nuevo tiempo de la historia.<\/p>\n<p><strong>Visi\u00f3n<\/strong><\/p>\n<p>Nuestro Proyecto Educativo, inspirado en el Evangelio y en el Magisterio de la Iglesia, promueve una formaci\u00f3n s\u00f3lida e integral, val\u00f3rica &#8211; cristiana que permite a las j\u00f3venes insertarse con competencia, creatividad, autonom\u00eda y liderazgo positivo a los requerimientos de la sociedad con un fuerte y profundo sentido social y evang\u00e9lico, seg\u00fan el Esp\u00edritu de la Familia de Santa Ana.<\/p>\n<p>&nbsp;<\/p>\n<p>&nbsp;<\/p>\n","protected":false},"excerpt":{"rendered":"<p>Misi\u00f3n Formar personas \u00edntegras a ejemplo de Mar\u00eda, Hija de Santa Ana, con una s\u00f3lida preparaci\u00f3n acad\u00e9mica, humana y espiritual, que les permita insertarse adecuadamente a la sociedad en los distintos niveles educacionales, con una conciencia cr\u00edtica y comprometida y con un profundo sentido social que las haga promotoras de los valores de la Paz, <a class=\"read-more\" href=\"https:\/\/www.cisa-arica.cl\/wp1\/mision-y-vision\/\">Continuar leyendo<\/a><\/p>\n","protected":false},"author":1,"featured_media":0,"parent":0,"menu_order":0,"comment_status":"closed","ping_status":"closed","template":"","meta":{"footnotes":""},"class_list":["post-2464","page","type-page","status-publish","hentry"],"jetpack_sharing_enabled":true,"jetpack_shortlink":"https:\/\/wp.me\/P84wcz-DK","jetpack-related-posts":[{"id":2915,"url":"https:\/\/www.cisa-arica.cl\/wp1\/himno-del-colegio\/","url_meta":{"origin":2464,"position":0},"title":"Himno del Colegio Italiano Santa Ana","author":"CISA","date":"17 de Mayo de 2024","format":false,"excerpt":"Himno Colegio Santa Ana CORO Colegio do transcurre nuestra vida serena, optimista y muy feliz Colegio de Santa Ana que nos muestras la ruta luminosa del saber. Santuario de Santa Ana que eres nido de Ciencia, de Virtud y del Saber tu formas el ambiente bendecido que templa nuestras almas\u2026","rel":"","context":"Entrada similar ","block_context":{"text":"Entrada similar ","link":""},"img":{"alt_text":"","src":"","width":0,"height":0},"classes":[]},{"id":2619,"url":"https:\/\/www.cisa-arica.cl\/wp1\/hijas-de-santa-ana\/","url_meta":{"origin":2464,"position":1},"title":"Hijas de Santa Ana","author":"CISA","date":"17 de Noviembre de 2016","format":false,"excerpt":"En el a\u00f1o 2016 se celebraron los 150 a\u00f1os de vida de la Congregaci\u00f3n Hijas de Santa Ana que siguiendo el carisma de Madre Rosa Gattorno de pobreza, donaci\u00f3n materna y esp\u00edritu de familia, gestan y acompa\u00f1an a nuestra Comunidad. Su fundadora, la Beata Madre Rosa Gattorno, fue una viuda\u2026","rel":"","context":"Entrada similar ","block_context":{"text":"Entrada similar ","link":""},"img":{"alt_text":"","src":"","width":0,"height":0},"classes":[]},{"id":30025,"url":"https:\/\/www.cisa-arica.cl\/wp1\/educacion-parvularia-2\/","url_meta":{"origin":2464,"position":2},"title":"EDUCACI\u00d3N PARVULARIA","author":"Marketing","date":"6 de Abril de 2026","format":false,"excerpt":"Coordinadora CRA: Marilyn Mercado NavarroEquipo: Educadoras: Katherine Gonz\u00e1lez Plaza, Paulina Mart\u00ednez Villegas, Jocelyn Rojas Mercado. T\u00e9cnicos:\u00a0 \u00a0 \u00a0 Sandra Jofr\u00e9 Gonz\u00e1lez, Angie Mar\u00edn Contreras. El nivel de Educaci\u00f3n Parvularia del Colegio Italiano Santa Ana de Arica comprende los niveles de Transici\u00f3n 1 y 2, orientados a brindar una formaci\u00f3n integral\u2026","rel":"","context":"Entrada similar ","block_context":{"text":"Entrada similar ","link":""},"img":{"alt_text":"","src":"https:\/\/i0.wp.com\/www.cisa-arica.cl\/wp1\/wp-content\/uploads\/2026\/04\/Ed.-Parvularia.png?resize=350%2C200&ssl=1","width":350,"height":200,"srcset":"https:\/\/i0.wp.com\/www.cisa-arica.cl\/wp1\/wp-content\/uploads\/2026\/04\/Ed.-Parvularia.png?resize=350%2C200&ssl=1 1x, https:\/\/i0.wp.com\/www.cisa-arica.cl\/wp1\/wp-content\/uploads\/2026\/04\/Ed.-Parvularia.png?resize=525%2C300&ssl=1 1.5x, https:\/\/i0.wp.com\/www.cisa-arica.cl\/wp1\/wp-content\/uploads\/2026\/04\/Ed.-Parvularia.png?resize=700%2C400&ssl=1 2x, https:\/\/i0.wp.com\/www.cisa-arica.cl\/wp1\/wp-content\/uploads\/2026\/04\/Ed.-Parvularia.png?resize=1050%2C600&ssl=1 3x"},"classes":[]}],"_links":{"self":[{"href":"https:\/\/www.cisa-arica.cl\/wp1\/wp-json\/wp\/v2\/pages\/2464","targetHints":{"allow":["GET"]}}],"collection":[{"href":"https:\/\/www.cisa-arica.cl\/wp1\/wp-json\/wp\/v2\/pages"}],"about":[{"href":"https:\/\/www.cisa-arica.cl\/wp1\/wp-json\/wp\/v2\/types\/page"}],"author":[{"embeddable":true,"href":"https:\/\/www.cisa-arica.cl\/wp1\/wp-json\/wp\/v2\/users\/1"}],"replies":[{"embeddable":true,"href":"https:\/\/www.cisa-arica.cl\/wp1\/wp-json\/wp\/v2\/comments?post=2464"}],"version-history":[{"count":6,"href":"https:\/\/www.cisa-arica.cl\/wp1\/wp-json\/wp\/v2\/pages\/2464\/revisions"}],"predecessor-version":[{"id":29967,"href":"https:\/\/www.cisa-arica.cl\/wp1\/wp-json\/wp\/v2\/pages\/2464\/revisions\/29967"}],"wp:attachment":[{"href":"https:\/\/www.cisa-arica.cl\/wp1\/wp-json\/wp\/v2\/media?parent=2464"}],"curies":[{"name":"wp","href":"https:\/\/api.w.org\/{rel}","templated":true}]}}